{"id":2159,"date":"2017-01-23T15:16:34","date_gmt":"2017-01-23T14:16:34","guid":{"rendered":"http:\/\/www.masdelarivoire.fr\/?page_id=2159"},"modified":"2017-01-23T15:20:08","modified_gmt":"2017-01-23T14:20:08","slug":"newsletter","status":"publish","type":"page","link":"https:\/\/www.masdelarivoire.fr\/en\/newsletter\/","title":{"rendered":"Newsletter"},"content":{"rendered":"<p>[et_pb_section admin_label=&#8221;Section&#8221; fullwidth=&#8221;on&#8221; specialty=&#8221;off&#8221;][et_pb_fullwidth_slider admin_label=&#8221;Curseur de d\u00e9filement plein \u00e9cran&#8221; show_arrows=&#8221;on&#8221; show_pagination=&#8221;on&#8221; auto=&#8221;off&#8221; auto_ignore_hover=&#8221;off&#8221; parallax=&#8221;off&#8221; parallax_method=&#8221;off&#8221; remove_inner_shadow=&#8221;off&#8221; background_position=&#8221;default&#8221; background_size=&#8221;default&#8221; hide_content_on_mobile=&#8221;off&#8221; hide_cta_on_mobile=&#8221;off&#8221; show_image_video_mobile=&#8221;off&#8221; custom_button=&#8221;off&#8221; button_letter_spacing=&#8221;0&#8243; button_use_icon=&#8221;default&#8221; button_icon_placement=&#8221;right&#8221; button_on_hover=&#8221;on&#8221; button_letter_spacing_hover=&#8221;0&#8243; module_class=&#8221;ILD_header_page&#8221;] [et_pb_slide background_image=&#8221;https:\/\/www.masdelarivoire.fr\/wp-content\/uploads\/2016\/01\/img_slide_accueil_mas_rivoire_1.jpg&#8221; background_position=&#8221;default&#8221; background_size=&#8221;default&#8221; background_color=&#8221;#ffffff&#8221; use_bg_overlay=&#8221;off&#8221; use_text_overlay=&#8221;off&#8221; alignment=&#8221;center&#8221; background_layout=&#8221;dark&#8221; allow_player_pause=&#8221;off&#8221; text_border_radius=&#8221;3&#8243; header_font_select=&#8221;default&#8221; header_font=&#8221;||||&#8221; body_font_select=&#8221;default&#8221; body_font=&#8221;||||&#8221; custom_button=&#8221;off&#8221; button_font_select=&#8221;default&#8221; button_font=&#8221;||||&#8221; button_use_icon=&#8221;default&#8221; button_icon_placement=&#8221;right&#8221; button_on_hover=&#8221;on&#8221;] [\/et_pb_slide] [\/et_pb_fullwidth_slider][\/et_pb_section][et_pb_section admin_label=&#8221;section&#8221;][et_pb_row admin_label=&#8221;row&#8221;][et_pb_column type=&#8221;2_3&#8243;][et_pb_text admin_label=&#8221;Texte&#8221; background_layout=&#8221;light&#8221; text_orientation=&#8221;left&#8221; use_border_color=&#8221;off&#8221; border_color=&#8221;#ffffff&#8221; border_style=&#8221;solid&#8221;]<\/p>\n<h1>Stay tuned for updates<\/h1>\n<p>You wish to receive our newsletter in order to know our news, promotions, activities to come&#8230;<\/p>\n<p>Our newsletter, free, will allow you to automatically receive our news on your mail.<\/p>\n<p>The sign up form opposite allows you to register, as well as to unsubscribe from it, in case you no longer wish to receive it.<\/p>\n<p>[\/et_pb_text][\/et_pb_column][et_pb_column type=&#8221;1_3&#8243;][et_pb_text admin_label=&#8221;Texte&#8221; background_layout=&#8221;dark&#8221; text_orientation=&#8221;center&#8221; use_border_color=&#8221;off&#8221; border_color=&#8221;#ffffff&#8221; border_style=&#8221;solid&#8221; custom_css_main_element=&#8221;background: #BCAC9F;||padding: 15px;&#8221;] <script>(function() {\n\twindow.mc4wp = window.mc4wp || {\n\t\tlisteners: [],\n\t\tforms: {\n\t\t\ton: function(evt, cb) {\n\t\t\t\twindow.mc4wp.listeners.push(\n\t\t\t\t\t{\n\t\t\t\t\t\tevent   : evt,\n\t\t\t\t\t\tcallback: cb\n\t\t\t\t\t}\n\t\t\t\t);\n\t\t\t}\n\t\t}\n\t}\n})();\n<\/script><!-- Mailchimp for WordPress v4.12.2 - https:\/\/wordpress.org\/plugins\/mailchimp-for-wp\/ --><form id=\"mc4wp-form-1\" class=\"mc4wp-form mc4wp-form-1105\" method=\"post\" data-id=\"1105\" data-name=\"Formulaire Mailchimp\" ><div class=\"mc4wp-form-fields\"><div style=\"text-align: center;\">\r\n<h4>Notre newsletter<\/h4>\r\n<p>\r\n    <label>\r\n        <input type=\"radio\" name=\"_mc4wp_action\" value=\"subscribe\">Je m'abonne\r\n    <\/label>\r\n    <label>\r\n        <input type=\"radio\" name=\"_mc4wp_action\" value=\"unsubscribe\">Je me d\u00e9sabonne\r\n    <\/label>\r\n<\/p>\r\n<input type=\"email\" name=\"EMAIL\" placeholder=\"Votre adresse email\" required \/>\r\n<\/p>\r\n<p>En m'abonnant \u00e0 votre newsletter, j'accepte de recevoir vos bulletins d'information, vos promotions et actualit\u00e9s.\r\n<p>\r\n<p style=\"text-align: center;\">\r\n<button class=\"et_pb_more_button et_pb_button et_pb_button_one\" type=\"submit\">Valider<\/button>\r\n<\/p>\r\n<\/div><\/div><label style=\"display: none !important;\">Leave this field empty if you're human: <input type=\"text\" name=\"_mc4wp_honeypot\" value=\"\" tabindex=\"-1\" autocomplete=\"off\" \/><\/label><input type=\"hidden\" name=\"_mc4wp_timestamp\" value=\"1777545383\" \/><input type=\"hidden\" name=\"_mc4wp_form_id\" value=\"1105\" \/><input type=\"hidden\" name=\"_mc4wp_form_element_id\" value=\"mc4wp-form-1\" \/><div class=\"mc4wp-response\"><\/div><\/form><!-- \/ Mailchimp for WordPress Plugin --> [\/et_pb_text][\/et_pb_column][\/et_pb_row][\/et_pb_section]<\/p>\n","protected":false},"excerpt":{"rendered":"<p>Stay tuned for updates You wish to receive our newsletter in order to know our news, promotions, activities to come&#8230; Our newsletter, free, will allow you to automatically receive our news on your mail. The sign up form opposite allows you to register, as well as to unsubscribe from it, in case you no longer [&hellip;]<\/p>\n","protected":false},"author":1,"featured_media":0,"parent":0,"menu_order":0,"comment_status":"closed","ping_status":"closed","template":"","meta":{"_et_pb_use_builder":"on","_et_pb_old_content":"","_et_gb_content_width":"","_exactmetrics_skip_tracking":false,"_exactmetrics_sitenote_active":false,"_exactmetrics_sitenote_note":"","_exactmetrics_sitenote_category":0,"footnotes":""},"class_list":["post-2159","page","type-page","status-publish","hentry"],"yoast_head":"<!-- This site is optimized with the Yoast SEO plugin v27.5 - https:\/\/yoast.com\/product\/yoast-seo-wordpress\/ -->\n<title>Newsletter - Mas de la Rivoire<\/title>\n<meta name=\"robots\" content=\"index, follow, max-snippet:-1, max-image-preview:large, max-video-preview:-1\" \/>\n<link rel=\"canonical\" href=\"https:\/\/www.masdelarivoire.fr\/newsletter-actualite-mas-rivoire-gites-chambres-hotes-gard\/\" \/>\n<meta property=\"og:locale\" content=\"en_US\" \/>\n<meta property=\"og:type\" content=\"article\" \/>\n<meta property=\"og:title\" content=\"Newsletter - Mas de la Rivoire\" \/>\n<meta property=\"og:description\" content=\"Stay tuned for updates You wish to receive our newsletter in order to know our news, promotions, activities to come... Our newsletter, free, will allow you to automatically receive our news on your mail. The sign up form opposite allows you to register, as well as to unsubscribe from it, in case you no longer [&hellip;]\" \/>\n<meta property=\"og:url\" content=\"https:\/\/www.masdelarivoire.fr\/newsletter-actualite-mas-rivoire-gites-chambres-hotes-gard\/\" \/>\n<meta property=\"og:site_name\" content=\"Mas de la Rivoire\" \/>\n<meta property=\"article:modified_time\" content=\"2017-01-23T14:20:08+00:00\" \/>\n<meta name=\"twitter:card\" content=\"summary_large_image\" \/>\n<meta name=\"twitter:label1\" content=\"Est. reading time\" \/>\n\t<meta name=\"twitter:data1\" content=\"2 minutes\" \/>\n<script type=\"application\/ld+json\" class=\"yoast-schema-graph\">{\"@context\":\"https:\\\/\\\/schema.org\",\"@graph\":[{\"@type\":\"WebPage\",\"@id\":\"https:\\\/\\\/www.masdelarivoire.fr\\\/newsletter-actualite-mas-rivoire-gites-chambres-hotes-gard\\\/\",\"url\":\"https:\\\/\\\/www.masdelarivoire.fr\\\/newsletter-actualite-mas-rivoire-gites-chambres-hotes-gard\\\/\",\"name\":\"Newsletter - Mas de la Rivoire\",\"isPartOf\":{\"@id\":\"https:\\\/\\\/www.masdelarivoire.fr\\\/#website\"},\"datePublished\":\"2017-01-23T14:16:34+00:00\",\"dateModified\":\"2017-01-23T14:20:08+00:00\",\"breadcrumb\":{\"@id\":\"https:\\\/\\\/www.masdelarivoire.fr\\\/newsletter-actualite-mas-rivoire-gites-chambres-hotes-gard\\\/#breadcrumb\"},\"inLanguage\":\"en-US\",\"potentialAction\":[{\"@type\":\"ReadAction\",\"target\":[\"https:\\\/\\\/www.masdelarivoire.fr\\\/newsletter-actualite-mas-rivoire-gites-chambres-hotes-gard\\\/\"]}]},{\"@type\":\"BreadcrumbList\",\"@id\":\"https:\\\/\\\/www.masdelarivoire.fr\\\/newsletter-actualite-mas-rivoire-gites-chambres-hotes-gard\\\/#breadcrumb\",\"itemListElement\":[{\"@type\":\"ListItem\",\"position\":1,\"name\":\"Accueil\",\"item\":\"https:\\\/\\\/www.masdelarivoire.fr\\\/en\\\/\"},{\"@type\":\"ListItem\",\"position\":2,\"name\":\"Newsletter\"}]},{\"@type\":\"WebSite\",\"@id\":\"https:\\\/\\\/www.masdelarivoire.fr\\\/#website\",\"url\":\"https:\\\/\\\/www.masdelarivoire.fr\\\/\",\"name\":\"Mas de la Rivoire\",\"description\":\"G\u00eetes et Chambres d&#039;H\u00f4tes \u00e0 proximit\u00e9 de Sommi\u00e8res - Gard - Sud de la France\",\"potentialAction\":[{\"@type\":\"SearchAction\",\"target\":{\"@type\":\"EntryPoint\",\"urlTemplate\":\"https:\\\/\\\/www.masdelarivoire.fr\\\/?s={search_term_string}\"},\"query-input\":{\"@type\":\"PropertyValueSpecification\",\"valueRequired\":true,\"valueName\":\"search_term_string\"}}],\"inLanguage\":\"en-US\"}]}<\/script>\n<!-- \/ Yoast SEO plugin. -->","yoast_head_json":{"title":"Newsletter - Mas de la Rivoire","robots":{"index":"index","follow":"follow","max-snippet":"max-snippet:-1","max-image-preview":"max-image-preview:large","max-video-preview":"max-video-preview:-1"},"canonical":"https:\/\/www.masdelarivoire.fr\/newsletter-actualite-mas-rivoire-gites-chambres-hotes-gard\/","og_locale":"en_US","og_type":"article","og_title":"Newsletter - Mas de la Rivoire","og_description":"Stay tuned for updates You wish to receive our newsletter in order to know our news, promotions, activities to come... Our newsletter, free, will allow you to automatically receive our news on your mail. The sign up form opposite allows you to register, as well as to unsubscribe from it, in case you no longer [&hellip;]","og_url":"https:\/\/www.masdelarivoire.fr\/newsletter-actualite-mas-rivoire-gites-chambres-hotes-gard\/","og_site_name":"Mas de la Rivoire","article_modified_time":"2017-01-23T14:20:08+00:00","twitter_card":"summary_large_image","twitter_misc":{"Est. reading time":"2 minutes"},"schema":{"@context":"https:\/\/schema.org","@graph":[{"@type":"WebPage","@id":"https:\/\/www.masdelarivoire.fr\/newsletter-actualite-mas-rivoire-gites-chambres-hotes-gard\/","url":"https:\/\/www.masdelarivoire.fr\/newsletter-actualite-mas-rivoire-gites-chambres-hotes-gard\/","name":"Newsletter - Mas de la Rivoire","isPartOf":{"@id":"https:\/\/www.masdelarivoire.fr\/#website"},"datePublished":"2017-01-23T14:16:34+00:00","dateModified":"2017-01-23T14:20:08+00:00","breadcrumb":{"@id":"https:\/\/www.masdelarivoire.fr\/newsletter-actualite-mas-rivoire-gites-chambres-hotes-gard\/#breadcrumb"},"inLanguage":"en-US","potentialAction":[{"@type":"ReadAction","target":["https:\/\/www.masdelarivoire.fr\/newsletter-actualite-mas-rivoire-gites-chambres-hotes-gard\/"]}]},{"@type":"BreadcrumbList","@id":"https:\/\/www.masdelarivoire.fr\/newsletter-actualite-mas-rivoire-gites-chambres-hotes-gard\/#breadcrumb","itemListElement":[{"@type":"ListItem","position":1,"name":"Accueil","item":"https:\/\/www.masdelarivoire.fr\/en\/"},{"@type":"ListItem","position":2,"name":"Newsletter"}]},{"@type":"WebSite","@id":"https:\/\/www.masdelarivoire.fr\/#website","url":"https:\/\/www.masdelarivoire.fr\/","name":"Mas de la Rivoire","description":"G\u00eetes et Chambres d&#039;H\u00f4tes \u00e0 proximit\u00e9 de Sommi\u00e8res - Gard - Sud de la France","potentialAction":[{"@type":"SearchAction","target":{"@type":"EntryPoint","urlTemplate":"https:\/\/www.masdelarivoire.fr\/?s={search_term_string}"},"query-input":{"@type":"PropertyValueSpecification","valueRequired":true,"valueName":"search_term_string"}}],"inLanguage":"en-US"}]}},"_links":{"self":[{"href":"https:\/\/www.masdelarivoire.fr\/en\/wp-json\/wp\/v2\/pages\/2159","targetHints":{"allow":["GET"]}}],"collection":[{"href":"https:\/\/www.masdelarivoire.fr\/en\/wp-json\/wp\/v2\/pages"}],"about":[{"href":"https:\/\/www.masdelarivoire.fr\/en\/wp-json\/wp\/v2\/types\/page"}],"author":[{"embeddable":true,"href":"https:\/\/www.masdelarivoire.fr\/en\/wp-json\/wp\/v2\/users\/1"}],"replies":[{"embeddable":true,"href":"https:\/\/www.masdelarivoire.fr\/en\/wp-json\/wp\/v2\/comments?post=2159"}],"version-history":[{"count":2,"href":"https:\/\/www.masdelarivoire.fr\/en\/wp-json\/wp\/v2\/pages\/2159\/revisions"}],"predecessor-version":[{"id":2161,"href":"https:\/\/www.masdelarivoire.fr\/en\/wp-json\/wp\/v2\/pages\/2159\/revisions\/2161"}],"wp:attachment":[{"href":"https:\/\/www.masdelarivoire.fr\/en\/wp-json\/wp\/v2\/media?parent=2159"}],"curies":[{"name":"wp","href":"https:\/\/api.w.org\/{rel}","templated":true}]}}