{"id":2067,"date":"2017-01-20T11:18:34","date_gmt":"2017-01-20T10:18:34","guid":{"rendered":"http:\/\/www.masdelarivoire.fr\/?page_id=2067"},"modified":"2017-01-20T17:41:02","modified_gmt":"2017-01-20T16:41:02","slug":"special-offers-package","status":"publish","type":"page","link":"https:\/\/www.masdelarivoire.fr\/en\/special-offers-package\/","title":{"rendered":"Packages"},"content":{"rendered":"<p>[et_pb_section admin_label=&#8221;Section&#8221; fullwidth=&#8221;on&#8221; specialty=&#8221;off&#8221;][et_pb_fullwidth_header admin_label=&#8221;En-t\u00eate plein \u00e9cran&#8221; title=&#8221;Special arrangements&#8221; subhead=&#8221;Take advantage of our interesting pleasure packages&#8221; background_layout=&#8221;dark&#8221; text_orientation=&#8221;left&#8221; header_fullscreen=&#8221;off&#8221; header_scroll_down=&#8221;off&#8221; background_url=&#8221;https:\/\/www.masdelarivoire.fr\/wp-content\/uploads\/2016\/02\/img_header_offres_speciales.jpg&#8221; parallax=&#8221;off&#8221; parallax_method=&#8221;off&#8221; content_orientation=&#8221;center&#8221; image_orientation=&#8221;center&#8221; custom_button_one=&#8221;off&#8221; button_one_letter_spacing=&#8221;0&#8243; button_one_use_icon=&#8221;default&#8221; button_one_icon_placement=&#8221;right&#8221; button_one_on_hover=&#8221;on&#8221; button_one_letter_spacing_hover=&#8221;0&#8243; custom_button_two=&#8221;off&#8221; button_two_letter_spacing=&#8221;0&#8243; button_two_use_icon=&#8221;default&#8221; button_two_icon_placement=&#8221;right&#8221; button_two_on_hover=&#8221;on&#8221; button_two_letter_spacing_hover=&#8221;0&#8243; module_class=&#8221;ILD_header_page&#8221;]<\/p>\n<p>[\/et_pb_fullwidth_header][\/et_pb_section][et_pb_section admin_label=&#8221;Section&#8221; fullwidth=&#8221;off&#8221; specialty=&#8221;off&#8221;][et_pb_row admin_label=&#8221;Ligne&#8221;][et_pb_column type=&#8221;4_4&#8243;][et_pb_text admin_label=&#8221;Texte&#8221; background_layout=&#8221;light&#8221; text_orientation=&#8221;left&#8221; use_border_color=&#8221;off&#8221; border_color=&#8221;#ffffff&#8221; border_style=&#8221;solid&#8221;]<\/p>\n<p>We offer our guests various theme packages throughout the year. Choose one of our package deals and learn about our wonderful region. The packages are also ideal as gift vouchers. A further overnight stay is possible at very attractive conditions.<\/p>\n<p>The following packages are available:<\/p>\n<p>[\/et_pb_text][\/et_pb_column][\/et_pb_row][et_pb_row admin_label=&#8221;Ligne&#8221; make_fullwidth=&#8221;off&#8221; use_custom_width=&#8221;off&#8221; width_unit=&#8221;on&#8221; use_custom_gutter=&#8221;off&#8221; padding_mobile=&#8221;off&#8221; allow_player_pause=&#8221;off&#8221; parallax=&#8221;off&#8221; parallax_method=&#8221;off&#8221; make_equal=&#8221;off&#8221; parallax_1=&#8221;off&#8221; parallax_method_1=&#8221;off&#8221; parallax_2=&#8221;off&#8221; parallax_method_2=&#8221;off&#8221; column_padding_mobile=&#8221;on&#8221; module_class_1=&#8221;ILD_fond_offre_speciale ILD_fond_offre_speciale_sommieres&#8221; module_class_2=&#8221;ILD_fond_offre_speciale ILD_fond_offre_speciale_bien_etre&#8221;][et_pb_column type=&#8221;1_2&#8243;][et_pb_toggle admin_label=&#8221;Deux jours de break&#8221; title=&#8221;Gastronomic-pleasure package&#8221; open=&#8221;off&#8221; use_border_color=&#8221;off&#8221; border_color=&#8221;#ffffff&#8221; border_style=&#8221;solid&#8221;]<\/p>\n<p>Would you like to enjoy Mediterranean cuisine and some of fine wines from our region? You will stay in a nice double room and enjoy a delicious meal in a nearby gourmet restaurant.<\/p>\n<ul>\n<li>Welcome drink,<\/li>\n<li>One night in a nice double room,<\/li>\n<li>Rich breakfast buffet,<\/li>\n<li>A gourmet dinner (excluding drinks) for two people in Sommi\u00e8res<\/li>\n<\/ul>\n<p>Price : 180 \u20ac for two people.<\/p>\n<p style=\"text-align: center;\"><a class=\"et_pb_more_button et_pb_button et_pb_button_one\" title=\"Contactez le Mas de la Rivoire au sujet des offres sp\u00e9ciales\" href=\"https:\/\/www.masdelarivoire.fr\/contacts-reservation-guestroom-apartments-south-france-holidays\/?lang=en\">Contact us!<\/a><\/p>\n<p>[\/et_pb_toggle][\/et_pb_column][et_pb_column type=&#8221;1_2&#8243;][et_pb_toggle admin_label=&#8221;Bien \u00eatre&#8221; title=&#8221;Relaxing-pleasure package&#8221; open=&#8221;off&#8221; use_border_color=&#8221;off&#8221; border_color=&#8221;#ffffff&#8221; border_style=&#8221;solid&#8221;]<\/p>\n<p>Let your soul dangle. The Mas de la Rivoire, together with an experienced team of professional masseurs and therapists, offers you various massages. The Arragement includes:<\/p>\n<ul>\n<li>One night in a nice double room,<\/li>\n<li>Rich breakfast buffet,<\/li>\n<li>One evening meal (excluding drinks) for two people in Sommi\u00e8res,<\/li>\n<li>One massage each of 60 minutes, in our treatment room.<\/li>\n<\/ul>\n<p>Price : 320 \u20ac for two people.<\/p>\n<p style=\"text-align: center;\"><a class=\"et_pb_more_button et_pb_button et_pb_button_one\" title=\"Contactez le Mas de la Rivoire au sujet des offres sp\u00e9ciales\" href=\"https:\/\/www.masdelarivoire.fr\/contacts-reservation-guestroom-apartments-south-france-holidays\/?lang=en\">Contact us!<\/a><\/p>\n<p>[\/et_pb_toggle][\/et_pb_column][\/et_pb_row][et_pb_row admin_label=&#8221;Ligne&#8221; make_fullwidth=&#8221;off&#8221; use_custom_width=&#8221;off&#8221; width_unit=&#8221;on&#8221; use_custom_gutter=&#8221;off&#8221; padding_mobile=&#8221;off&#8221; allow_player_pause=&#8221;off&#8221; parallax=&#8221;off&#8221; parallax_method=&#8221;off&#8221; make_equal=&#8221;off&#8221; parallax_1=&#8221;off&#8221; parallax_method_1=&#8221;off&#8221; parallax_2=&#8221;off&#8221; parallax_method_2=&#8221;off&#8221; column_padding_mobile=&#8221;on&#8221; module_class_1=&#8221;ILD_fond_offre_speciale ILD_fond_offre_speciale_voie_verte&#8221; module_class_2=&#8221;ILD_fond_offre_speciale ILD_fond_offre_speciale_equitation&#8221;][et_pb_column type=&#8221;1_2&#8243;][et_pb_toggle admin_label=&#8221;S\u00e9jour sportif&#8221; title=&#8221;Biking-pleasure package&#8221; open=&#8221;off&#8221; use_border_color=&#8221;off&#8221; border_color=&#8221;#ffffff&#8221; border_style=&#8221;solid&#8221;]<\/p>\n<p>On our rental bikes you will discover the &#8220;Voie-Verte&#8221;, a former railway line from Sommi\u00e8res to N\u00eemes, a beautiful excursion through the vineyards and olive groves. The Arragement includes:<\/p>\n<ul>\n<li>Use of two MTB or City bikes,<\/li>\n<li>One night in a nice double room,<\/li>\n<li>Rich breakfast buffet,<\/li>\n<li>One evening meal (excluding drinks) for two people in Sommi\u00e8res.<\/li>\n<\/ul>\n<p>Price : 160 \u20ac for two people.<\/p>\n<p style=\"text-align: center;\"><a class=\"et_pb_more_button et_pb_button et_pb_button_one\" title=\"Contactez le Mas de la Rivoire au sujet des offres sp\u00e9ciales\" href=\"https:\/\/www.masdelarivoire.fr\/contacts-reservation-guestroom-apartments-south-france-holidays\/?lang=en\">Contact us!<\/a><\/p>\n<p>[\/et_pb_toggle][\/et_pb_column][et_pb_column type=&#8221;1_2&#8243;][et_pb_toggle admin_label=&#8221;\u00e9quitation&#8221; title=&#8221;Horse-Riding pleasure package&#8221; open=&#8221;off&#8221; use_border_color=&#8221;off&#8221; border_color=&#8221;#ffffff&#8221; border_style=&#8221;solid&#8221;]<\/p>\n<p>We organise an exciting and adventurous excursion for you, with a close-knit Riding stable. You will be impressed. The Arragement includes:<\/p>\n<ul>\n<li>2-hour riding including riding guide,<\/li>\n<li>One night in a nice double room,<\/li>\n<li>Rich breakfast buffet,<\/li>\n<li>One night meal (excluding drinks) for two peoples in Sommi\u00e8res.<\/li>\n<\/ul>\n<p>Price : 190 \u20ac for two people.<\/p>\n<p style=\"text-align: center;\"><a class=\"et_pb_more_button et_pb_button et_pb_button_one\" title=\"Contactez le Mas de la Rivoire au sujet des offres sp\u00e9ciales\" href=\"https:\/\/www.masdelarivoire.fr\/contacts-reservation-guestroom-apartments-south-france-holidays\/?lang=en\">Contact us!<\/a><\/p>\n<p>[\/et_pb_toggle][\/et_pb_column][\/et_pb_row][et_pb_row admin_label=&#8221;Ligne&#8221; make_fullwidth=&#8221;off&#8221; use_custom_width=&#8221;off&#8221; width_unit=&#8221;on&#8221; use_custom_gutter=&#8221;off&#8221; padding_mobile=&#8221;off&#8221; allow_player_pause=&#8221;off&#8221; parallax=&#8221;off&#8221; parallax_method=&#8221;off&#8221; make_equal=&#8221;off&#8221; parallax_1=&#8221;off&#8221; parallax_method_1=&#8221;off&#8221; parallax_2=&#8221;off&#8221; parallax_method_2=&#8221;off&#8221; column_padding_mobile=&#8221;on&#8221; module_class_1=&#8221;ILD_fond_offre_speciale ILD_fond_offre_speciale_oenologie&#8221;][et_pb_column type=&#8221;1_2&#8243;][et_pb_toggle admin_label=&#8221;S\u00e9jour oenologique&#8221; title=&#8221;Wine and olive oil pleasure pack&#8221; open=&#8221;off&#8221; use_border_color=&#8221;off&#8221; border_color=&#8221;#ffffff&#8221; border_style=&#8221;solid&#8221;]<\/p>\n<p>You will discover a selection of wine and olive oil in a selected wine-tasting excursion, which will arouse your taste buds. Which vineyard would you like to visit? The Arragement includes:<\/p>\n<ul>\n<li>Visit and tasting at two local winegrowers,<\/li>\n<li>Visit the olive grove in Villevieille,<\/li>\n<li>One night in a nice double room,<\/li>\n<li>Rich breakfast buffet,<\/li>\n<li>One evening meal including wine for two in Sommi\u00e8res.<\/li>\n<\/ul>\n<p>Price : 200 \u20ac for two people.<\/p>\n<p style=\"text-align: center;\"><a class=\"et_pb_more_button et_pb_button et_pb_button_one\" title=\"Contactez le Mas de la Rivoire au sujet des offres sp\u00e9ciales\" href=\"https:\/\/www.masdelarivoire.fr\/contacts-reservation-guestroom-apartments-south-france-holidays\/?lang=en\">Contact us!<\/a><\/p>\n<p>[\/et_pb_toggle][\/et_pb_column][et_pb_column type=&#8221;1_2&#8243;][\/et_pb_column][\/et_pb_row][\/et_pb_section]<\/p>\n","protected":false},"excerpt":{"rendered":"<p>We offer our guests various theme packages throughout the year. Choose one of our package deals and learn about our wonderful region. The packages are also ideal as gift vouchers. A further overnight stay is possible at very attractive conditions. The following packages are available: Would you like to enjoy Mediterranean cuisine and some of [&hellip;]<\/p>\n","protected":false},"author":1,"featured_media":0,"parent":0,"menu_order":0,"comment_status":"closed","ping_status":"closed","template":"","meta":{"_et_pb_use_builder":"on","_et_pb_old_content":"","_et_gb_content_width":"","_exactmetrics_skip_tracking":false,"_exactmetrics_sitenote_active":false,"_exactmetrics_sitenote_note":"","_exactmetrics_sitenote_category":0,"footnotes":""},"class_list":["post-2067","page","type-page","status-publish","hentry"],"yoast_head":"<!-- This site is optimized with the Yoast SEO plugin v27.4 - https:\/\/yoast.com\/product\/yoast-seo-wordpress\/ -->\n<title>Packages - Mas de la Rivoire<\/title>\n<meta name=\"robots\" content=\"index, follow, max-snippet:-1, max-image-preview:large, max-video-preview:-1\" \/>\n<link rel=\"canonical\" href=\"https:\/\/www.masdelarivoire.fr\/offres-speciales-chambre-hotes-gites-gard-sommieres\/\" \/>\n<meta property=\"og:locale\" content=\"en_US\" \/>\n<meta property=\"og:type\" content=\"article\" \/>\n<meta property=\"og:title\" content=\"Packages - Mas de la Rivoire\" \/>\n<meta property=\"og:description\" content=\"We offer our guests various theme packages throughout the year. Choose one of our package deals and learn about our wonderful region. The packages are also ideal as gift vouchers. A further overnight stay is possible at very attractive conditions. The following packages are available: Would you like to enjoy Mediterranean cuisine and some of [&hellip;]\" \/>\n<meta property=\"og:url\" content=\"https:\/\/www.masdelarivoire.fr\/offres-speciales-chambre-hotes-gites-gard-sommieres\/\" \/>\n<meta property=\"og:site_name\" content=\"Mas de la Rivoire\" \/>\n<meta property=\"article:modified_time\" content=\"2017-01-20T16:41:02+00:00\" \/>\n<meta name=\"twitter:card\" content=\"summary_large_image\" \/>\n<meta name=\"twitter:label1\" content=\"Est. reading time\" \/>\n\t<meta name=\"twitter:data1\" content=\"5 minutes\" \/>\n<script type=\"application\/ld+json\" class=\"yoast-schema-graph\">{\"@context\":\"https:\\\/\\\/schema.org\",\"@graph\":[{\"@type\":\"WebPage\",\"@id\":\"https:\\\/\\\/www.masdelarivoire.fr\\\/offres-speciales-chambre-hotes-gites-gard-sommieres\\\/\",\"url\":\"https:\\\/\\\/www.masdelarivoire.fr\\\/offres-speciales-chambre-hotes-gites-gard-sommieres\\\/\",\"name\":\"Packages - Mas de la Rivoire\",\"isPartOf\":{\"@id\":\"https:\\\/\\\/www.masdelarivoire.fr\\\/#website\"},\"datePublished\":\"2017-01-20T10:18:34+00:00\",\"dateModified\":\"2017-01-20T16:41:02+00:00\",\"breadcrumb\":{\"@id\":\"https:\\\/\\\/www.masdelarivoire.fr\\\/offres-speciales-chambre-hotes-gites-gard-sommieres\\\/#breadcrumb\"},\"inLanguage\":\"en-US\",\"potentialAction\":[{\"@type\":\"ReadAction\",\"target\":[\"https:\\\/\\\/www.masdelarivoire.fr\\\/offres-speciales-chambre-hotes-gites-gard-sommieres\\\/\"]}]},{\"@type\":\"BreadcrumbList\",\"@id\":\"https:\\\/\\\/www.masdelarivoire.fr\\\/offres-speciales-chambre-hotes-gites-gard-sommieres\\\/#breadcrumb\",\"itemListElement\":[{\"@type\":\"ListItem\",\"position\":1,\"name\":\"Accueil\",\"item\":\"https:\\\/\\\/www.masdelarivoire.fr\\\/en\\\/\"},{\"@type\":\"ListItem\",\"position\":2,\"name\":\"Packages\"}]},{\"@type\":\"WebSite\",\"@id\":\"https:\\\/\\\/www.masdelarivoire.fr\\\/#website\",\"url\":\"https:\\\/\\\/www.masdelarivoire.fr\\\/\",\"name\":\"Mas de la Rivoire\",\"description\":\"G\u00eetes et Chambres d&#039;H\u00f4tes \u00e0 proximit\u00e9 de Sommi\u00e8res - Gard - Sud de la France\",\"potentialAction\":[{\"@type\":\"SearchAction\",\"target\":{\"@type\":\"EntryPoint\",\"urlTemplate\":\"https:\\\/\\\/www.masdelarivoire.fr\\\/?s={search_term_string}\"},\"query-input\":{\"@type\":\"PropertyValueSpecification\",\"valueRequired\":true,\"valueName\":\"search_term_string\"}}],\"inLanguage\":\"en-US\"}]}<\/script>\n<!-- \/ Yoast SEO plugin. -->","yoast_head_json":{"title":"Packages - Mas de la Rivoire","robots":{"index":"index","follow":"follow","max-snippet":"max-snippet:-1","max-image-preview":"max-image-preview:large","max-video-preview":"max-video-preview:-1"},"canonical":"https:\/\/www.masdelarivoire.fr\/offres-speciales-chambre-hotes-gites-gard-sommieres\/","og_locale":"en_US","og_type":"article","og_title":"Packages - Mas de la Rivoire","og_description":"We offer our guests various theme packages throughout the year. Choose one of our package deals and learn about our wonderful region. The packages are also ideal as gift vouchers. A further overnight stay is possible at very attractive conditions. The following packages are available: Would you like to enjoy Mediterranean cuisine and some of [&hellip;]","og_url":"https:\/\/www.masdelarivoire.fr\/offres-speciales-chambre-hotes-gites-gard-sommieres\/","og_site_name":"Mas de la Rivoire","article_modified_time":"2017-01-20T16:41:02+00:00","twitter_card":"summary_large_image","twitter_misc":{"Est. reading time":"5 minutes"},"schema":{"@context":"https:\/\/schema.org","@graph":[{"@type":"WebPage","@id":"https:\/\/www.masdelarivoire.fr\/offres-speciales-chambre-hotes-gites-gard-sommieres\/","url":"https:\/\/www.masdelarivoire.fr\/offres-speciales-chambre-hotes-gites-gard-sommieres\/","name":"Packages - Mas de la Rivoire","isPartOf":{"@id":"https:\/\/www.masdelarivoire.fr\/#website"},"datePublished":"2017-01-20T10:18:34+00:00","dateModified":"2017-01-20T16:41:02+00:00","breadcrumb":{"@id":"https:\/\/www.masdelarivoire.fr\/offres-speciales-chambre-hotes-gites-gard-sommieres\/#breadcrumb"},"inLanguage":"en-US","potentialAction":[{"@type":"ReadAction","target":["https:\/\/www.masdelarivoire.fr\/offres-speciales-chambre-hotes-gites-gard-sommieres\/"]}]},{"@type":"BreadcrumbList","@id":"https:\/\/www.masdelarivoire.fr\/offres-speciales-chambre-hotes-gites-gard-sommieres\/#breadcrumb","itemListElement":[{"@type":"ListItem","position":1,"name":"Accueil","item":"https:\/\/www.masdelarivoire.fr\/en\/"},{"@type":"ListItem","position":2,"name":"Packages"}]},{"@type":"WebSite","@id":"https:\/\/www.masdelarivoire.fr\/#website","url":"https:\/\/www.masdelarivoire.fr\/","name":"Mas de la Rivoire","description":"G\u00eetes et Chambres d&#039;H\u00f4tes \u00e0 proximit\u00e9 de Sommi\u00e8res - Gard - Sud de la France","potentialAction":[{"@type":"SearchAction","target":{"@type":"EntryPoint","urlTemplate":"https:\/\/www.masdelarivoire.fr\/?s={search_term_string}"},"query-input":{"@type":"PropertyValueSpecification","valueRequired":true,"valueName":"search_term_string"}}],"inLanguage":"en-US"}]}},"_links":{"self":[{"href":"https:\/\/www.masdelarivoire.fr\/en\/wp-json\/wp\/v2\/pages\/2067","targetHints":{"allow":["GET"]}}],"collection":[{"href":"https:\/\/www.masdelarivoire.fr\/en\/wp-json\/wp\/v2\/pages"}],"about":[{"href":"https:\/\/www.masdelarivoire.fr\/en\/wp-json\/wp\/v2\/types\/page"}],"author":[{"embeddable":true,"href":"https:\/\/www.masdelarivoire.fr\/en\/wp-json\/wp\/v2\/users\/1"}],"replies":[{"embeddable":true,"href":"https:\/\/www.masdelarivoire.fr\/en\/wp-json\/wp\/v2\/comments?post=2067"}],"version-history":[{"count":4,"href":"https:\/\/www.masdelarivoire.fr\/en\/wp-json\/wp\/v2\/pages\/2067\/revisions"}],"predecessor-version":[{"id":2143,"href":"https:\/\/www.masdelarivoire.fr\/en\/wp-json\/wp\/v2\/pages\/2067\/revisions\/2143"}],"wp:attachment":[{"href":"https:\/\/www.masdelarivoire.fr\/en\/wp-json\/wp\/v2\/media?parent=2067"}],"curies":[{"name":"wp","href":"https:\/\/api.w.org\/{rel}","templated":true}]}}