{"id":2025,"date":"2017-01-19T17:05:28","date_gmt":"2017-01-19T16:05:28","guid":{"rendered":"http:\/\/www.masdelarivoire.fr\/?page_id=2025"},"modified":"2026-04-14T14:09:13","modified_gmt":"2026-04-14T13:09:13","slug":"chambre-dhotes-petite-chapelle","status":"publish","type":"page","link":"https:\/\/www.masdelarivoire.fr\/en\/chambre-dhotes-petite-chapelle\/","title":{"rendered":"Double room &#8220;La petite Chapelle&#8221;"},"content":{"rendered":"<p>[et_pb_section fb_built=&#8221;1&#8243; fullwidth=&#8221;on&#8221; admin_label=&#8221;Section&#8221; _builder_version=&#8221;4.16&#8243; global_colors_info=&#8221;{}&#8221;][et_pb_fullwidth_header title=&#8221;Double room %22La petite Chapelle%22&#8243; subhead=&#8221;Beautiful &#038; romantic room&#8221; content_max_width=&#8221;none&#8221; admin_label=&#8221;En-t\u00eate plein \u00e9cran&#8221; module_class=&#8221;ILD_header_page&#8221; _builder_version=&#8221;4.16&#8243; background_color=&#8221;rgba(255, 255, 255, 0)&#8221; background_image=&#8221;https:\/\/www.masdelarivoire.fr\/wp-content\/uploads\/2016\/02\/img_header_chambre_hotes_chapelle.jpg&#8221; background_url=&#8221;https:\/\/www.masdelarivoire.fr\/wp-content\/uploads\/2016\/02\/img_header_chambre_hotes_chapelle.jpg&#8221; button_one_letter_spacing_hover=&#8221;0&#8243; button_two_letter_spacing_hover=&#8221;0&#8243; global_colors_info=&#8221;{}&#8221; button_one_text_size__hover_enabled=&#8221;off&#8221; button_two_text_size__hover_enabled=&#8221;off&#8221; button_one_text_color__hover_enabled=&#8221;off&#8221; button_two_text_color__hover_enabled=&#8221;off&#8221; button_one_border_width__hover_enabled=&#8221;off&#8221; button_two_border_width__hover_enabled=&#8221;off&#8221; button_one_border_color__hover_enabled=&#8221;off&#8221; button_two_border_color__hover_enabled=&#8221;off&#8221; button_one_border_radius__hover_enabled=&#8221;off&#8221; button_two_border_radius__hover_enabled=&#8221;off&#8221; button_one_letter_spacing__hover_enabled=&#8221;on&#8221; button_one_letter_spacing__hover=&#8221;0&#8243; button_two_letter_spacing__hover_enabled=&#8221;on&#8221; button_two_letter_spacing__hover=&#8221;0&#8243; button_one_bg_color__hover_enabled=&#8221;off&#8221; button_two_bg_color__hover_enabled=&#8221;off&#8221;][\/et_pb_fullwidth_header][\/et_pb_section][et_pb_section fb_built=&#8221;1&#8243; admin_label=&#8221;Section&#8221; _builder_version=&#8221;4.16&#8243; global_colors_info=&#8221;{}&#8221;][et_pb_row padding_mobile=&#8221;off&#8221; column_padding_mobile=&#8221;on&#8221; admin_label=&#8221;Ligne&#8221; _builder_version=&#8221;4.16&#8243; background_size=&#8221;initial&#8221; background_position=&#8221;top_left&#8221; background_repeat=&#8221;repeat&#8221; make_fullwidth=&#8221;off&#8221; use_custom_width=&#8221;off&#8221; width_unit=&#8221;on&#8221; global_colors_info=&#8221;{}&#8221; column_structure=&#8221;2_3,1_3&#8243;][et_pb_column type=&#8221;2_3&#8243; _builder_version=&#8221;4.16&#8243; custom_padding=&#8221;|||&#8221; global_colors_info=&#8221;{}&#8221; custom_padding__hover=&#8221;|||&#8221;][et_pb_text admin_label=&#8221;Texte&#8221; _builder_version=&#8221;4.24.2&#8243; background_size=&#8221;initial&#8221; background_position=&#8221;top_left&#8221; background_repeat=&#8221;repeat&#8221; hover_enabled=&#8221;0&#8243; use_border_color=&#8221;off&#8221; border_color=&#8221;#ffffff&#8221; border_style=&#8221;solid&#8221; global_colors_info=&#8221;{}&#8221; sticky_enabled=&#8221;0&#8243;]<\/p>\n<h2><img decoding=\"async\" class=\"alignleft ILD_icone_titre_contenu\" src=\"https:\/\/www.masdelarivoire.fr\/wp-content\/uploads\/2016\/02\/img_icone_chambre_hote_contenu.png\" alt=\"icone des gites et chambre d'hotes du mas de la rivoire\" \/>La petite Chapelle<\/h2>\n<p>This charming and unusual guest room, approximately 21 square meters, has been created in the former &#8220;private&#8221; chapel\u2014dating back to the 14th century\u2014of Mas de la Rivoire. This uniquely characterful room features a double bed and its own bathroom with shower and toilet. Private entrance with access to the garden. An atypical room, quiet and steeped in history.<\/p>\n<p>[\/et_pb_text][et_pb_text admin_label=&#8221;Texte&#8221; _builder_version=&#8221;4.16&#8243; background_size=&#8221;initial&#8221; background_position=&#8221;top_left&#8221; background_repeat=&#8221;repeat&#8221; use_border_color=&#8221;off&#8221; border_color=&#8221;#ffffff&#8221; border_style=&#8221;solid&#8221; global_colors_info=&#8221;{}&#8221;]<\/p>\n<h2 style=\"margin-top: 25px;\"><img decoding=\"async\" class=\"alignleft ILD_icone_titre_contenu\" src=\"https:\/\/www.masdelarivoire.fr\/wp-content\/uploads\/2016\/03\/img_icone_tarif_contenu.png\" alt=\"icone des tarifs des gites et chambre d'hotes du mas de la rivoire\">Price<\/h2>\n<p>Click <a title=\"tarifs de nos chambres d'h\u00f4tes\" href=\"https:\/\/www.masdelarivoire.fr\/prices-guestroom-apartment-weekend-holidays-south-france\/?lang=en\">here<\/a> for our prices.<br \/>\n[\/et_pb_text][\/et_pb_column][et_pb_column type=&#8221;1_3&#8243; module_class=&#8221;bordure_box_marron_clair&#8221; _builder_version=&#8221;4.16&#8243; custom_padding=&#8221;|||&#8221; global_colors_info=&#8221;{}&#8221; custom_padding__hover=&#8221;|||&#8221;][et_pb_blurb title=&#8221;Informations &#038; reservations&#8221; url=&#8221;https:\/\/www.masdelarivoire.fr\/contacts-reservation-guestroom-apartments-south-france-holidays\/?lang=en&#8221; image=&#8221;https:\/\/www.masdelarivoire.fr\/wp-content\/uploads\/2016\/02\/img_picto_contact_1.png&#8221; alt=&#8221;pictogramme appel t\u00e9l\u00e9phonique&#8221; image_icon_width=&#8221;none&#8221; admin_label=&#8221;R\u00e9sum\u00e9&#8221; module_class=&#8221;ILD_fond_marron_clair ILD_fond_box_vigne&#8221; _builder_version=&#8221;4.16&#8243; background_size=&#8221;initial&#8221; background_position=&#8221;top_left&#8221; background_repeat=&#8221;repeat&#8221; text_orientation=&#8221;center&#8221; background_layout=&#8221;dark&#8221; use_border_color=&#8221;off&#8221; border_color=&#8221;#ffffff&#8221; border_style=&#8221;solid&#8221; image_max_width=&#8221;none&#8221; use_circle=&#8221;off&#8221; use_circle_border=&#8221;off&#8221; circle_border_color=&#8221;#866560&#8243; circle_color=&#8221;#866560&#8243; global_colors_info=&#8221;{}&#8221;]Would you like more information or would you like to check availability?<br \/>\n<a class=\"et_pb_more_button et_pb_button et_pb_button_one ILD_marge_bas_bouton_box\" title=\"Contactez g\u00eetes et chambres d'h\u00f4tes du Mas de la Rivoire\" href=\"https:\/\/www.masdelarivoire.fr\/contacts-reservation-guestroom-apartments-south-france-holidays\/?lang=en\">Contact us!<\/a><br \/>\n[\/et_pb_blurb][\/et_pb_column][\/et_pb_row][\/et_pb_section][et_pb_section fb_built=&#8221;1&#8243; admin_label=&#8221;Section&#8221; _builder_version=&#8221;4.16&#8243; global_colors_info=&#8221;{}&#8221;][et_pb_row admin_label=&#8221;Ligne&#8221; _builder_version=&#8221;4.16&#8243; background_size=&#8221;initial&#8221; background_position=&#8221;top_left&#8221; background_repeat=&#8221;repeat&#8221; global_colors_info=&#8221;{}&#8221;][et_pb_column type=&#8221;4_4&#8243; _builder_version=&#8221;4.16&#8243; custom_padding=&#8221;|||&#8221; global_colors_info=&#8221;{}&#8221; custom_padding__hover=&#8221;|||&#8221;][et_pb_text admin_label=&#8221;Texte&#8221; _builder_version=&#8221;4.16&#8243; background_size=&#8221;initial&#8221; background_position=&#8221;top_left&#8221; background_repeat=&#8221;repeat&#8221; use_border_color=&#8221;off&#8221; border_color=&#8221;#ffffff&#8221; border_style=&#8221;solid&#8221; global_colors_info=&#8221;{}&#8221;]<\/p>\n<h2><img decoding=\"async\" class=\"alignleft ILD_icone_titre_contenu\" src=\"https:\/\/www.masdelarivoire.fr\/wp-content\/uploads\/2016\/02\/img_icone_photo_contenu.png\" alt=\"icone photographie des gites et chambre d'hotes du mas de la rivoire\">Some photos of the room &#8220;La Petite Chapelle&#8221;<\/h2>\n<p>[\/et_pb_text][\/et_pb_column][\/et_pb_row][et_pb_row admin_label=&#8221;Ligne&#8221; _builder_version=&#8221;4.16&#8243; background_size=&#8221;initial&#8221; background_position=&#8221;top_left&#8221; background_repeat=&#8221;repeat&#8221; global_colors_info=&#8221;{}&#8221;][et_pb_column type=&#8221;4_4&#8243; _builder_version=&#8221;4.16&#8243; custom_padding=&#8221;|||&#8221; global_colors_info=&#8221;{}&#8221; custom_padding__hover=&#8221;|||&#8221;][et_pb_gallery gallery_ids=&#8221;1608,1610,1612,1614,1616,1618,1620,1622&#8243; gallery_orderby=&#8221;rand&#8221; posts_number=&#8221;8&#8243; hover_icon=&#8221;&#x54;||divi||400&#8243; admin_label=&#8221;Galerie&#8221; _builder_version=&#8221;4.16&#8243; use_border_color=&#8221;off&#8221; border_color=&#8221;#ffffff&#8221; border_style=&#8221;solid&#8221; global_colors_info=&#8221;{}&#8221;]&nbsp;<br \/>\n[\/et_pb_gallery][\/et_pb_column][\/et_pb_row][\/et_pb_section][et_pb_section fb_built=&#8221;1&#8243; fullwidth=&#8221;on&#8221; custom_padding_last_edited=&#8221;on|desktop&#8221; admin_label=&#8221;Section&#8221; _builder_version=&#8221;4.16&#8243; background_image=&#8221;https:\/\/www.masdelarivoire.fr\/wp-content\/uploads\/2016\/01\/img_fond_chambre_hotes.jpg&#8221; custom_padding_tablet=&#8221;50px|0|50px|0&#8243; transparent_background=&#8221;off&#8221; padding_mobile=&#8221;off&#8221; make_fullwidth=&#8221;off&#8221; use_custom_width=&#8221;off&#8221; width_unit=&#8221;on&#8221; global_colors_info=&#8221;{}&#8221; custom_padding_phone=&#8221;50px|0|50px|0&#8243;][et_pb_fullwidth_code admin_label=&#8221;Code en pleine largeur&#8221; module_class=&#8221;et_pb_bg_layout_dark&#8221; _builder_version=&#8221;4.16&#8243; custom_css_main_element=&#8221;padding:50px;||text-align: center;&#8221; global_colors_info=&#8221;{}&#8221;]<\/p>\n<h3 class=\"ILD_ombre_sur_texte_blanc\">Discover all our guest rooms<\/h3>\n<p> <a title=\"Visitez nos chambres d'h\u00f4tes du Mas de la Rivoire\" class=\"et_pb_more_button et_pb_button et_pb_button_one ILD_ombre_sur_texte_blanc\" href=\"https:\/\/www.masdelarivoire.fr\/guestrooms-stay-south-france\/?lang=en\">More infos<\/a>[\/et_pb_fullwidth_code][\/et_pb_section]<\/p>\n","protected":false},"excerpt":{"rendered":"<p>La petite Chapelle This charming and unusual guest room, approximately 21 square meters, has been created in the former &#8220;private&#8221; chapel\u2014dating back to the 14th century\u2014of Mas de la Rivoire. This uniquely characterful room features a double bed and its own bathroom with shower and toilet. Private entrance with access to the garden. An atypical [&hellip;]<\/p>\n","protected":false},"author":1,"featured_media":0,"parent":0,"menu_order":0,"comment_status":"closed","ping_status":"closed","template":"","meta":{"_et_pb_use_builder":"on","_et_pb_old_content":"","_et_gb_content_width":"","_exactmetrics_skip_tracking":false,"_exactmetrics_sitenote_active":false,"_exactmetrics_sitenote_note":"","_exactmetrics_sitenote_category":0,"footnotes":""},"class_list":["post-2025","page","type-page","status-publish","hentry"],"yoast_head":"<!-- This site is optimized with the Yoast SEO plugin v27.5 - https:\/\/yoast.com\/product\/yoast-seo-wordpress\/ -->\n<title>Double room &quot;La petite Chapelle&quot; - Mas de la Rivoire<\/title>\n<meta name=\"robots\" content=\"index, follow, max-snippet:-1, max-image-preview:large, max-video-preview:-1\" \/>\n<link rel=\"canonical\" href=\"https:\/\/www.masdelarivoire.fr\/en\/chambre-dhotes-petite-chapelle\/\" \/>\n<meta property=\"og:locale\" content=\"en_US\" \/>\n<meta property=\"og:type\" content=\"article\" \/>\n<meta property=\"og:title\" content=\"Double room &quot;La petite Chapelle&quot; - Mas de la Rivoire\" \/>\n<meta property=\"og:description\" content=\"La petite Chapelle This charming and unusual guest room, approximately 21 square meters, has been created in the former &quot;private&quot; chapel\u2014dating back to the 14th century\u2014of Mas de la Rivoire. This uniquely characterful room features a double bed and its own bathroom with shower and toilet. Private entrance with access to the garden. An atypical [&hellip;]\" \/>\n<meta property=\"og:url\" content=\"https:\/\/www.masdelarivoire.fr\/en\/chambre-dhotes-petite-chapelle\/\" \/>\n<meta property=\"og:site_name\" content=\"Mas de la Rivoire\" \/>\n<meta property=\"article:modified_time\" content=\"2026-04-14T13:09:13+00:00\" \/>\n<meta property=\"og:image\" content=\"https:\/\/www.masdelarivoire.fr\/wp-content\/uploads\/2016\/02\/img_icone_chambre_hote_contenu.png\" \/>\n<meta name=\"twitter:card\" content=\"summary_large_image\" \/>\n<meta name=\"twitter:label1\" content=\"Est. reading time\" \/>\n\t<meta name=\"twitter:data1\" content=\"4 minutes\" \/>\n<script type=\"application\/ld+json\" class=\"yoast-schema-graph\">{\"@context\":\"https:\\\/\\\/schema.org\",\"@graph\":[{\"@type\":\"WebPage\",\"@id\":\"https:\\\/\\\/www.masdelarivoire.fr\\\/en\\\/chambre-dhotes-petite-chapelle\\\/\",\"url\":\"https:\\\/\\\/www.masdelarivoire.fr\\\/en\\\/chambre-dhotes-petite-chapelle\\\/\",\"name\":\"Double room \\\"La petite Chapelle\\\" - Mas de la Rivoire\",\"isPartOf\":{\"@id\":\"https:\\\/\\\/www.masdelarivoire.fr\\\/#website\"},\"primaryImageOfPage\":{\"@id\":\"https:\\\/\\\/www.masdelarivoire.fr\\\/en\\\/chambre-dhotes-petite-chapelle\\\/#primaryimage\"},\"image\":{\"@id\":\"https:\\\/\\\/www.masdelarivoire.fr\\\/en\\\/chambre-dhotes-petite-chapelle\\\/#primaryimage\"},\"thumbnailUrl\":\"https:\\\/\\\/www.masdelarivoire.fr\\\/wp-content\\\/uploads\\\/2016\\\/02\\\/img_icone_chambre_hote_contenu.png\",\"datePublished\":\"2017-01-19T16:05:28+00:00\",\"dateModified\":\"2026-04-14T13:09:13+00:00\",\"breadcrumb\":{\"@id\":\"https:\\\/\\\/www.masdelarivoire.fr\\\/en\\\/chambre-dhotes-petite-chapelle\\\/#breadcrumb\"},\"inLanguage\":\"en-US\",\"potentialAction\":[{\"@type\":\"ReadAction\",\"target\":[\"https:\\\/\\\/www.masdelarivoire.fr\\\/en\\\/chambre-dhotes-petite-chapelle\\\/\"]}]},{\"@type\":\"ImageObject\",\"inLanguage\":\"en-US\",\"@id\":\"https:\\\/\\\/www.masdelarivoire.fr\\\/en\\\/chambre-dhotes-petite-chapelle\\\/#primaryimage\",\"url\":\"https:\\\/\\\/www.masdelarivoire.fr\\\/wp-content\\\/uploads\\\/2016\\\/02\\\/img_icone_chambre_hote_contenu.png\",\"contentUrl\":\"https:\\\/\\\/www.masdelarivoire.fr\\\/wp-content\\\/uploads\\\/2016\\\/02\\\/img_icone_chambre_hote_contenu.png\"},{\"@type\":\"BreadcrumbList\",\"@id\":\"https:\\\/\\\/www.masdelarivoire.fr\\\/en\\\/chambre-dhotes-petite-chapelle\\\/#breadcrumb\",\"itemListElement\":[{\"@type\":\"ListItem\",\"position\":1,\"name\":\"Accueil\",\"item\":\"https:\\\/\\\/www.masdelarivoire.fr\\\/en\\\/\"},{\"@type\":\"ListItem\",\"position\":2,\"name\":\"Double room \u00ab\u00a0La petite Chapelle\u00a0\u00bb\"}]},{\"@type\":\"WebSite\",\"@id\":\"https:\\\/\\\/www.masdelarivoire.fr\\\/#website\",\"url\":\"https:\\\/\\\/www.masdelarivoire.fr\\\/\",\"name\":\"Mas de la Rivoire\",\"description\":\"G\u00eetes et Chambres d&#039;H\u00f4tes \u00e0 proximit\u00e9 de Sommi\u00e8res - Gard - Sud de la France\",\"potentialAction\":[{\"@type\":\"SearchAction\",\"target\":{\"@type\":\"EntryPoint\",\"urlTemplate\":\"https:\\\/\\\/www.masdelarivoire.fr\\\/?s={search_term_string}\"},\"query-input\":{\"@type\":\"PropertyValueSpecification\",\"valueRequired\":true,\"valueName\":\"search_term_string\"}}],\"inLanguage\":\"en-US\"}]}<\/script>\n<!-- \/ Yoast SEO plugin. -->","yoast_head_json":{"title":"Double room \"La petite Chapelle\" - Mas de la Rivoire","robots":{"index":"index","follow":"follow","max-snippet":"max-snippet:-1","max-image-preview":"max-image-preview:large","max-video-preview":"max-video-preview:-1"},"canonical":"https:\/\/www.masdelarivoire.fr\/en\/chambre-dhotes-petite-chapelle\/","og_locale":"en_US","og_type":"article","og_title":"Double room \"La petite Chapelle\" - Mas de la Rivoire","og_description":"La petite Chapelle This charming and unusual guest room, approximately 21 square meters, has been created in the former \"private\" chapel\u2014dating back to the 14th century\u2014of Mas de la Rivoire. This uniquely characterful room features a double bed and its own bathroom with shower and toilet. Private entrance with access to the garden. An atypical [&hellip;]","og_url":"https:\/\/www.masdelarivoire.fr\/en\/chambre-dhotes-petite-chapelle\/","og_site_name":"Mas de la Rivoire","article_modified_time":"2026-04-14T13:09:13+00:00","og_image":[{"url":"https:\/\/www.masdelarivoire.fr\/wp-content\/uploads\/2016\/02\/img_icone_chambre_hote_contenu.png","type":"","width":"","height":""}],"twitter_card":"summary_large_image","twitter_misc":{"Est. reading time":"4 minutes"},"schema":{"@context":"https:\/\/schema.org","@graph":[{"@type":"WebPage","@id":"https:\/\/www.masdelarivoire.fr\/en\/chambre-dhotes-petite-chapelle\/","url":"https:\/\/www.masdelarivoire.fr\/en\/chambre-dhotes-petite-chapelle\/","name":"Double room \"La petite Chapelle\" - Mas de la Rivoire","isPartOf":{"@id":"https:\/\/www.masdelarivoire.fr\/#website"},"primaryImageOfPage":{"@id":"https:\/\/www.masdelarivoire.fr\/en\/chambre-dhotes-petite-chapelle\/#primaryimage"},"image":{"@id":"https:\/\/www.masdelarivoire.fr\/en\/chambre-dhotes-petite-chapelle\/#primaryimage"},"thumbnailUrl":"https:\/\/www.masdelarivoire.fr\/wp-content\/uploads\/2016\/02\/img_icone_chambre_hote_contenu.png","datePublished":"2017-01-19T16:05:28+00:00","dateModified":"2026-04-14T13:09:13+00:00","breadcrumb":{"@id":"https:\/\/www.masdelarivoire.fr\/en\/chambre-dhotes-petite-chapelle\/#breadcrumb"},"inLanguage":"en-US","potentialAction":[{"@type":"ReadAction","target":["https:\/\/www.masdelarivoire.fr\/en\/chambre-dhotes-petite-chapelle\/"]}]},{"@type":"ImageObject","inLanguage":"en-US","@id":"https:\/\/www.masdelarivoire.fr\/en\/chambre-dhotes-petite-chapelle\/#primaryimage","url":"https:\/\/www.masdelarivoire.fr\/wp-content\/uploads\/2016\/02\/img_icone_chambre_hote_contenu.png","contentUrl":"https:\/\/www.masdelarivoire.fr\/wp-content\/uploads\/2016\/02\/img_icone_chambre_hote_contenu.png"},{"@type":"BreadcrumbList","@id":"https:\/\/www.masdelarivoire.fr\/en\/chambre-dhotes-petite-chapelle\/#breadcrumb","itemListElement":[{"@type":"ListItem","position":1,"name":"Accueil","item":"https:\/\/www.masdelarivoire.fr\/en\/"},{"@type":"ListItem","position":2,"name":"Double room \u00ab\u00a0La petite Chapelle\u00a0\u00bb"}]},{"@type":"WebSite","@id":"https:\/\/www.masdelarivoire.fr\/#website","url":"https:\/\/www.masdelarivoire.fr\/","name":"Mas de la Rivoire","description":"G\u00eetes et Chambres d&#039;H\u00f4tes \u00e0 proximit\u00e9 de Sommi\u00e8res - Gard - Sud de la France","potentialAction":[{"@type":"SearchAction","target":{"@type":"EntryPoint","urlTemplate":"https:\/\/www.masdelarivoire.fr\/?s={search_term_string}"},"query-input":{"@type":"PropertyValueSpecification","valueRequired":true,"valueName":"search_term_string"}}],"inLanguage":"en-US"}]}},"_links":{"self":[{"href":"https:\/\/www.masdelarivoire.fr\/en\/wp-json\/wp\/v2\/pages\/2025","targetHints":{"allow":["GET"]}}],"collection":[{"href":"https:\/\/www.masdelarivoire.fr\/en\/wp-json\/wp\/v2\/pages"}],"about":[{"href":"https:\/\/www.masdelarivoire.fr\/en\/wp-json\/wp\/v2\/types\/page"}],"author":[{"embeddable":true,"href":"https:\/\/www.masdelarivoire.fr\/en\/wp-json\/wp\/v2\/users\/1"}],"replies":[{"embeddable":true,"href":"https:\/\/www.masdelarivoire.fr\/en\/wp-json\/wp\/v2\/comments?post=2025"}],"version-history":[{"count":5,"href":"https:\/\/www.masdelarivoire.fr\/en\/wp-json\/wp\/v2\/pages\/2025\/revisions"}],"predecessor-version":[{"id":3919,"href":"https:\/\/www.masdelarivoire.fr\/en\/wp-json\/wp\/v2\/pages\/2025\/revisions\/3919"}],"wp:attachment":[{"href":"https:\/\/www.masdelarivoire.fr\/en\/wp-json\/wp\/v2\/media?parent=2025"}],"curies":[{"name":"wp","href":"https:\/\/api.w.org\/{rel}","templated":true}]}}