{"id":2004,"date":"2017-01-19T15:22:51","date_gmt":"2017-01-19T14:22:51","guid":{"rendered":"http:\/\/www.masdelarivoire.fr\/?page_id=2004"},"modified":"2017-07-03T11:22:33","modified_gmt":"2017-07-03T10:22:33","slug":"guestrooms-stay-south-france","status":"publish","type":"page","link":"https:\/\/www.masdelarivoire.fr\/en\/guestrooms-stay-south-france\/","title":{"rendered":"Guestrooms"},"content":{"rendered":"<p>[et_pb_section admin_label=&#8221;Section&#8221; fullwidth=&#8221;on&#8221; specialty=&#8221;off&#8221;][et_pb_fullwidth_header admin_label=&#8221;En-t\u00eate plein \u00e9cran&#8221; title=&#8221;Five guest rooms: Charming, romantic and relaxing&#8221; background_layout=&#8221;dark&#8221; text_orientation=&#8221;left&#8221; header_fullscreen=&#8221;off&#8221; header_scroll_down=&#8221;off&#8221; background_url=&#8221;https:\/\/www.masdelarivoire.fr\/wp-content\/uploads\/2016\/01\/img_header_chambre_hote.jpg&#8221; parallax=&#8221;off&#8221; parallax_method=&#8221;off&#8221; content_orientation=&#8221;center&#8221; image_orientation=&#8221;center&#8221; custom_button_one=&#8221;off&#8221; button_one_letter_spacing=&#8221;0&#8243; button_one_use_icon=&#8221;default&#8221; button_one_icon_placement=&#8221;right&#8221; button_one_on_hover=&#8221;on&#8221; button_one_letter_spacing_hover=&#8221;0&#8243; custom_button_two=&#8221;off&#8221; button_two_letter_spacing=&#8221;0&#8243; button_two_use_icon=&#8221;default&#8221; button_two_icon_placement=&#8221;right&#8221; button_two_on_hover=&#8221;on&#8221; button_two_letter_spacing_hover=&#8221;0&#8243; module_class=&#8221;ILD_header_page&#8221;]<\/p>\n<p>[\/et_pb_fullwidth_header][\/et_pb_section][et_pb_section admin_label=&#8221;Section&#8221; fullwidth=&#8221;off&#8221; specialty=&#8221;off&#8221;][et_pb_row admin_label=&#8221;Ligne&#8221;][et_pb_column type=&#8221;4_4&#8243;][et_pb_text admin_label=&#8221;Texte&#8221; background_layout=&#8221;light&#8221; text_orientation=&#8221;left&#8221; use_border_color=&#8221;off&#8221; border_color=&#8221;#ffffff&#8221; border_style=&#8221;solid&#8221;]<\/p>\n<h2>Five authentic guest rooms, elegantly furnished<\/h2>\n<p>Our double rooms are <strong>generous and comfortable<\/strong>. The rooms, which have been restored with <strong>great attention to detail<\/strong> and have a modern interior with traditional materials and a refined design. A successful mix between old and new, combined with a refined decoration. The exuberant rooms with solid wooden beams and rustic stone walls give each room a wonderful, very spacious ambience.<\/p>\n<p>Whether you are staying in one of the former &#8220;Les Vendanges&#8221; (vintage rooms), or in the historic &#8220;La Petite Chapelle&#8221; of the 14th century, each of our rooms has its own special charm, making your stay an unforgettable experience All units have comfortable double beds (160 x 200 cm), spacious bathrooms with walk-in showers and separate WC as well as a TV lounge. Two of our double rooms have private seating.<\/p>\n<p>[\/et_pb_text][\/et_pb_column][\/et_pb_row][et_pb_row admin_label=&#8221;Ligne&#8221; make_fullwidth=&#8221;off&#8221; use_custom_width=&#8221;off&#8221; width_unit=&#8221;on&#8221; use_custom_gutter=&#8221;off&#8221; padding_mobile=&#8221;off&#8221; allow_player_pause=&#8221;off&#8221; parallax=&#8221;off&#8221; parallax_method=&#8221;off&#8221; make_equal=&#8221;off&#8221; parallax_1=&#8221;off&#8221; parallax_method_1=&#8221;off&#8221; parallax_2=&#8221;off&#8221; parallax_method_2=&#8221;off&#8221; parallax_3=&#8221;off&#8221; parallax_method_3=&#8221;off&#8221; column_padding_mobile=&#8221;on&#8221; module_class_1=&#8221;bordure_box_marron_clair&#8221; module_class_2=&#8221;bordure_box_marron_clair&#8221; module_class_3=&#8221;bordure_box_marron_clair&#8221;][et_pb_column type=&#8221;1_3&#8243;][et_pb_text admin_label=&#8221;Mirabelle&#8221; background_layout=&#8221;light&#8221; text_orientation=&#8221;center&#8221; use_border_color=&#8221;off&#8221; border_color=&#8221;#ffffff&#8221; border_style=&#8221;solid&#8221;]<\/p>\n<h3 style=\"text-align: center;\">La Mirabelle<\/h3>\n<p>[\/et_pb_text][et_pb_image admin_label=&#8221;Image&#8221; src=&#8221;https:\/\/www.masdelarivoire.fr\/wp-content\/uploads\/2016\/01\/img_deco_tarif_chambre_mirabelle.jpg&#8221; alt=&#8221;Chambre d&#8217;h\u00f4tes Mirabelle&#8221; show_in_lightbox=&#8221;off&#8221; url=&#8221;https:\/\/www.masdelarivoire.fr\/chambre-dhotes-la-mirabelle-sommieres-gard-sud-france\/?lang=en&#8221; url_new_window=&#8221;off&#8221; use_overlay=&#8221;off&#8221; animation=&#8221;fade_in&#8221; sticky=&#8221;off&#8221; align=&#8221;center&#8221; force_fullwidth=&#8221;off&#8221; always_center_on_mobile=&#8221;on&#8221; use_border_color=&#8221;off&#8221; border_color=&#8221;#ffffff&#8221; border_style=&#8221;solid&#8221;]<\/p>\n<p>[\/et_pb_image][et_pb_text admin_label=&#8221;Texte&#8221; background_layout=&#8221;light&#8221; text_orientation=&#8221;center&#8221; use_border_color=&#8221;off&#8221; border_color=&#8221;#ffffff&#8221; border_style=&#8221;solid&#8221;]<\/p>\n<p><a class=\"et_pb_more_button et_pb_button et_pb_button_one\" title=\"En savoir plus sur notre chambre d'h\u00f4tes La Mirabelle\" href=\"https:\/\/www.masdelarivoire.fr\/chambre-dhotes-la-mirabelle-sommieres-gard-sud-france\/?lang=en\">More infos<\/a><\/p>\n<p>[\/et_pb_text][\/et_pb_column][et_pb_column type=&#8221;1_3&#8243;][et_pb_text admin_label=&#8221;Cerise&#8221; background_layout=&#8221;light&#8221; text_orientation=&#8221;center&#8221; use_border_color=&#8221;off&#8221; border_color=&#8221;#ffffff&#8221; border_style=&#8221;solid&#8221;]<\/p>\n<h3 style=\"text-align: center;\">La Cerise<\/h3>\n<p>[\/et_pb_text][et_pb_image admin_label=&#8221;Image&#8221; src=&#8221;https:\/\/www.masdelarivoire.fr\/wp-content\/uploads\/2017\/01\/img_deco_tarif_chambre_cerise.jpg&#8221; alt=&#8221;Chambre d&#8217;h\u00f4tes Cerise : murs en pierres et poutres apparentes&#8221; show_in_lightbox=&#8221;off&#8221; url=&#8221;https:\/\/www.masdelarivoire.fr\/chambre-dhotes-cerise-villevieille-gard-sud-france\/?lang=en&#8221; url_new_window=&#8221;off&#8221; use_overlay=&#8221;off&#8221; animation=&#8221;fade_in&#8221; sticky=&#8221;off&#8221; align=&#8221;center&#8221; force_fullwidth=&#8221;off&#8221; always_center_on_mobile=&#8221;on&#8221; use_border_color=&#8221;off&#8221; border_color=&#8221;#ffffff&#8221; border_style=&#8221;solid&#8221;]<\/p>\n<p>[\/et_pb_image][et_pb_text admin_label=&#8221;Texte&#8221; background_layout=&#8221;light&#8221; text_orientation=&#8221;center&#8221; use_border_color=&#8221;off&#8221; border_color=&#8221;#ffffff&#8221; border_style=&#8221;solid&#8221;]<\/p>\n<p><a class=\"et_pb_more_button et_pb_button et_pb_button_one\" title=\"En savoir plus sur notre chambre d'h\u00f4tes La Cerise\" href=\"https:\/\/www.masdelarivoire.fr\/chambre-dhotes-cerise-villevieille-gard-sud-france\/?lang=en\">More infos<\/a><\/p>\n<p>[\/et_pb_text][\/et_pb_column][et_pb_column type=&#8221;1_3&#8243;][et_pb_text admin_label=&#8221;Menthe&#8221; background_layout=&#8221;light&#8221; text_orientation=&#8221;center&#8221; use_border_color=&#8221;off&#8221; border_color=&#8221;#ffffff&#8221; border_style=&#8221;solid&#8221;]<\/p>\n<h3 style=\"text-align: center;\">La Menthe<\/h3>\n<p>[\/et_pb_text][et_pb_image admin_label=&#8221;Image&#8221; src=&#8221;https:\/\/www.masdelarivoire.fr\/wp-content\/uploads\/2016\/01\/img_deco_tarif_chambre_menthe.jpg&#8221; alt=&#8221;Chambre d&#8217;h\u00f4tes la Menthe&#8221; show_in_lightbox=&#8221;off&#8221; url=&#8221;https:\/\/www.masdelarivoire.fr\/chambre-dhotes-la-menthe-sommieres-gard-sud-France\/?lang=en&#8221; url_new_window=&#8221;off&#8221; use_overlay=&#8221;off&#8221; animation=&#8221;fade_in&#8221; sticky=&#8221;off&#8221; align=&#8221;center&#8221; force_fullwidth=&#8221;off&#8221; always_center_on_mobile=&#8221;on&#8221; use_border_color=&#8221;off&#8221; border_color=&#8221;#ffffff&#8221; border_style=&#8221;solid&#8221;]<\/p>\n<p>[\/et_pb_image][et_pb_text admin_label=&#8221;Texte&#8221; background_layout=&#8221;light&#8221; text_orientation=&#8221;center&#8221; use_border_color=&#8221;off&#8221; border_color=&#8221;#ffffff&#8221; border_style=&#8221;solid&#8221;]<\/p>\n<p><a class=\"et_pb_more_button et_pb_button et_pb_button_one\" title=\"En savoir plus sur notre chambre d'h\u00f4tes La Menthe\" href=\"https:\/\/www.masdelarivoire.fr\/chambre-dhotes-la-menthe-sommieres-gard-sud-France\/?lang=en\">More infos<\/a><\/p>\n<p>[\/et_pb_text][\/et_pb_column][\/et_pb_row][et_pb_row admin_label=&#8221;Ligne&#8221; make_fullwidth=&#8221;off&#8221; use_custom_width=&#8221;off&#8221; width_unit=&#8221;on&#8221; use_custom_gutter=&#8221;off&#8221; padding_mobile=&#8221;off&#8221; allow_player_pause=&#8221;off&#8221; parallax=&#8221;off&#8221; parallax_method=&#8221;off&#8221; make_equal=&#8221;off&#8221; parallax_1=&#8221;off&#8221; parallax_method_1=&#8221;off&#8221; parallax_2=&#8221;off&#8221; parallax_method_2=&#8221;off&#8221; parallax_3=&#8221;off&#8221; parallax_method_3=&#8221;off&#8221; column_padding_mobile=&#8221;on&#8221; module_class_1=&#8221;bordure_box_marron_clair&#8221; module_class_2=&#8221;bordure_box_marron_clair&#8221;][et_pb_column type=&#8221;1_3&#8243;][et_pb_text admin_label=&#8221;Vendange&#8221; background_layout=&#8221;light&#8221; text_orientation=&#8221;center&#8221; use_border_color=&#8221;off&#8221; border_color=&#8221;#ffffff&#8221; border_style=&#8221;solid&#8221;]<\/p>\n<h3 style=\"text-align: center;\">La Vendange<\/h3>\n<p>[\/et_pb_text][et_pb_image admin_label=&#8221;Image&#8221; src=&#8221;https:\/\/www.masdelarivoire.fr\/wp-content\/uploads\/2016\/01\/img_deco_tarif_chambre_vendange.jpg&#8221; alt=&#8221;Chambre d&#8217;h\u00f4tes Vendage&#8221; show_in_lightbox=&#8221;off&#8221; url=&#8221;https:\/\/www.masdelarivoire.fr\/chambre-dhotes-la-vendange-sommieres-gard-sud-france\/?lang=en&#8221; url_new_window=&#8221;off&#8221; use_overlay=&#8221;off&#8221; animation=&#8221;fade_in&#8221; sticky=&#8221;off&#8221; align=&#8221;center&#8221; force_fullwidth=&#8221;off&#8221; always_center_on_mobile=&#8221;on&#8221; use_border_color=&#8221;off&#8221; border_color=&#8221;#ffffff&#8221; border_style=&#8221;solid&#8221;]<\/p>\n<p>[\/et_pb_image][et_pb_text admin_label=&#8221;Texte&#8221; background_layout=&#8221;light&#8221; text_orientation=&#8221;center&#8221; use_border_color=&#8221;off&#8221; border_color=&#8221;#ffffff&#8221; border_style=&#8221;solid&#8221;]<\/p>\n<p><a class=\"et_pb_more_button et_pb_button et_pb_button_one\" title=\"En savoir plus sur notre chambre d'h\u00f4tes La Vendange\" href=\"https:\/\/www.masdelarivoire.fr\/chambre-dhotes-la-vendange-sommieres-gard-sud-france\/?lang=en\">More infos<\/a><\/p>\n<p>[\/et_pb_text][\/et_pb_column][et_pb_column type=&#8221;1_3&#8243;][et_pb_text admin_label=&#8221;petite chapelle&#8221; background_layout=&#8221;light&#8221; text_orientation=&#8221;center&#8221; use_border_color=&#8221;off&#8221; border_color=&#8221;#ffffff&#8221; border_style=&#8221;solid&#8221;]<\/p>\n<h3 style=\"text-align: center;\">La petite Chapelle<\/h3>\n<p>[\/et_pb_text][et_pb_image admin_label=&#8221;Image&#8221; src=&#8221;https:\/\/www.masdelarivoire.fr\/wp-content\/uploads\/2016\/01\/img_tarif_chambre_chapelle.jpg&#8221; alt=&#8221;Chambre d&#8217;h\u00f4tes la petite chapelle&#8221; show_in_lightbox=&#8221;off&#8221; url=&#8221;https:\/\/www.masdelarivoire.fr\/chambre-dhotes-petite-chapelle-sommieres-gard-sud-france\/?lang=en&#8221; url_new_window=&#8221;off&#8221; use_overlay=&#8221;off&#8221; animation=&#8221;fade_in&#8221; sticky=&#8221;off&#8221; align=&#8221;center&#8221; force_fullwidth=&#8221;off&#8221; always_center_on_mobile=&#8221;on&#8221; use_border_color=&#8221;off&#8221; border_color=&#8221;#ffffff&#8221; border_style=&#8221;solid&#8221;]<\/p>\n<p>[\/et_pb_image][et_pb_text admin_label=&#8221;Texte&#8221; background_layout=&#8221;light&#8221; text_orientation=&#8221;center&#8221; use_border_color=&#8221;off&#8221; border_color=&#8221;#ffffff&#8221; border_style=&#8221;solid&#8221;]<\/p>\n<p><a class=\"et_pb_more_button et_pb_button et_pb_button_one\" title=\"En savoir plus sur notre chambre d'h\u00f4tes La petite Chapelle\" href=\"https:\/\/www.masdelarivoire.fr\/chambre-dhotes-petite-chapelle-sommieres-gard-sud-france\/?lang=en\">More infos<\/a><\/p>\n<p>[\/et_pb_text][\/et_pb_column][et_pb_column type=&#8221;1_3&#8243;][\/et_pb_column][\/et_pb_row][et_pb_row admin_label=&#8221;Ligne&#8221;][et_pb_column type=&#8221;4_4&#8243;][et_pb_text admin_label=&#8221;Texte&#8221; background_layout=&#8221;light&#8221; text_orientation=&#8221;left&#8221; use_border_color=&#8221;off&#8221; border_color=&#8221;#ffffff&#8221; border_style=&#8221;solid&#8221;]<\/p>\n<h2>A comfortable stay in the South of France<\/h2>\n<p>The impressif &#8220;La Vo\u00fbte&#8221;, a large old cellar with a splendid fire place serves as a common living space. There is a microwave, a coffee maker, a refrigerator and a coffee machine. Here you\u2019ll find a nice Wifi Lounge and also in the courtyard.<\/p>\n<p>Furthermore, our guests have a fitness room, ample parking spaces as well as a private oak forest property. A magnificent swimming pool of stone, surrounded by a Mediterranean and child-friendly garden, invites you to linger. Various facilities for young and old like table tennis, petanque, football and volleyball complete our offer.<\/p>\n<p>For more information about activities in the region, visit: <a href=\"https:\/\/www.masdelarivoire.fr\/activities-sports-visits-history-south-france\/?lang=en\">Activities and Region<\/a>.<\/p>\n<p>[\/et_pb_text][\/et_pb_column][\/et_pb_row][et_pb_row admin_label=&#8221;Ligne&#8221;][et_pb_column type=&#8221;4_4&#8243;][et_pb_text admin_label=&#8221;Texte&#8221; background_layout=&#8221;light&#8221; text_orientation=&#8221;left&#8221; use_border_color=&#8221;off&#8221; border_color=&#8221;#ffffff&#8221; border_style=&#8221;solid&#8221;]<\/p>\n<h2><img decoding=\"async\" class=\"alignleft ILD_icone_titre_contenu\" src=\"https:\/\/www.masdelarivoire.fr\/wp-content\/uploads\/2016\/02\/img_icone_photo_contenu.png\" \/>Some pictures of the community facilities<\/h2>\n<p>[\/et_pb_text][\/et_pb_column][\/et_pb_row][et_pb_row admin_label=&#8221;Ligne&#8221;][et_pb_column type=&#8221;4_4&#8243;][et_pb_gallery admin_label=&#8221;Galerie&#8221; gallery_ids=&#8221;1404,1406,1408,1414,1416,1932,1929,1926,2228,2225,2243,2240&#8243; gallery_orderby=&#8221;rand&#8221; fullwidth=&#8221;off&#8221; show_title_and_caption=&#8221;on&#8221; show_pagination=&#8221;off&#8221; background_layout=&#8221;light&#8221; auto=&#8221;off&#8221; hover_overlay_color=&#8221;rgba(255,255,255,0.9)&#8221; caption_all_caps=&#8221;off&#8221; use_border_color=&#8221;off&#8221; border_color=&#8221;#ffffff&#8221; border_style=&#8221;solid&#8221; posts_number=&#8221;12&#8243;]<\/p>\n<p>[\/et_pb_gallery][\/et_pb_column][\/et_pb_row][\/et_pb_section]<\/p>\n","protected":false},"excerpt":{"rendered":"<p>Five authentic guest rooms, elegantly furnished Our double rooms are generous and comfortable. The rooms, which have been restored with great attention to detail and have a modern interior with traditional materials and a refined design. A successful mix between old and new, combined with a refined decoration. The exuberant rooms with solid wooden beams [&hellip;]<\/p>\n","protected":false},"author":1,"featured_media":0,"parent":0,"menu_order":0,"comment_status":"closed","ping_status":"closed","template":"","meta":{"_et_pb_use_builder":"on","_et_pb_old_content":"","_et_gb_content_width":"","_exactmetrics_skip_tracking":false,"_exactmetrics_sitenote_active":false,"_exactmetrics_sitenote_note":"","_exactmetrics_sitenote_category":0,"footnotes":""},"class_list":["post-2004","page","type-page","status-publish","hentry"],"yoast_head":"<!-- This site is optimized with the Yoast SEO plugin v27.5 - https:\/\/yoast.com\/product\/yoast-seo-wordpress\/ -->\n<title>Guestrooms - Mas de la Rivoire<\/title>\n<meta name=\"robots\" content=\"index, follow, max-snippet:-1, max-image-preview:large, max-video-preview:-1\" \/>\n<link rel=\"canonical\" href=\"https:\/\/www.masdelarivoire.fr\/chambres-hotes-sud-france-gard-sommieres\/\" \/>\n<meta property=\"og:locale\" content=\"en_US\" \/>\n<meta property=\"og:type\" content=\"article\" \/>\n<meta property=\"og:title\" content=\"Guestrooms - Mas de la Rivoire\" \/>\n<meta property=\"og:description\" content=\"Five authentic guest rooms, elegantly furnished Our double rooms are generous and comfortable. The rooms, which have been restored with great attention to detail and have a modern interior with traditional materials and a refined design. A successful mix between old and new, combined with a refined decoration. The exuberant rooms with solid wooden beams [&hellip;]\" \/>\n<meta property=\"og:url\" content=\"https:\/\/www.masdelarivoire.fr\/chambres-hotes-sud-france-gard-sommieres\/\" \/>\n<meta property=\"og:site_name\" content=\"Mas de la Rivoire\" \/>\n<meta property=\"article:modified_time\" content=\"2017-07-03T10:22:33+00:00\" \/>\n<meta property=\"og:image\" content=\"https:\/\/www.masdelarivoire.fr\/wp-content\/uploads\/2016\/02\/img_icone_photo_contenu.png\" \/>\n<meta name=\"twitter:card\" content=\"summary_large_image\" \/>\n<meta name=\"twitter:label1\" content=\"Est. reading time\" \/>\n\t<meta name=\"twitter:data1\" content=\"7 minutes\" \/>\n<script type=\"application\/ld+json\" class=\"yoast-schema-graph\">{\"@context\":\"https:\\\/\\\/schema.org\",\"@graph\":[{\"@type\":\"WebPage\",\"@id\":\"https:\\\/\\\/www.masdelarivoire.fr\\\/chambres-hotes-sud-france-gard-sommieres\\\/\",\"url\":\"https:\\\/\\\/www.masdelarivoire.fr\\\/chambres-hotes-sud-france-gard-sommieres\\\/\",\"name\":\"Guestrooms - Mas de la Rivoire\",\"isPartOf\":{\"@id\":\"https:\\\/\\\/www.masdelarivoire.fr\\\/#website\"},\"primaryImageOfPage\":{\"@id\":\"https:\\\/\\\/www.masdelarivoire.fr\\\/chambres-hotes-sud-france-gard-sommieres\\\/#primaryimage\"},\"image\":{\"@id\":\"https:\\\/\\\/www.masdelarivoire.fr\\\/chambres-hotes-sud-france-gard-sommieres\\\/#primaryimage\"},\"thumbnailUrl\":\"https:\\\/\\\/www.masdelarivoire.fr\\\/wp-content\\\/uploads\\\/2016\\\/02\\\/img_icone_photo_contenu.png\",\"datePublished\":\"2017-01-19T14:22:51+00:00\",\"dateModified\":\"2017-07-03T10:22:33+00:00\",\"breadcrumb\":{\"@id\":\"https:\\\/\\\/www.masdelarivoire.fr\\\/chambres-hotes-sud-france-gard-sommieres\\\/#breadcrumb\"},\"inLanguage\":\"en-US\",\"potentialAction\":[{\"@type\":\"ReadAction\",\"target\":[\"https:\\\/\\\/www.masdelarivoire.fr\\\/chambres-hotes-sud-france-gard-sommieres\\\/\"]}]},{\"@type\":\"ImageObject\",\"inLanguage\":\"en-US\",\"@id\":\"https:\\\/\\\/www.masdelarivoire.fr\\\/chambres-hotes-sud-france-gard-sommieres\\\/#primaryimage\",\"url\":\"https:\\\/\\\/www.masdelarivoire.fr\\\/wp-content\\\/uploads\\\/2016\\\/02\\\/img_icone_photo_contenu.png\",\"contentUrl\":\"https:\\\/\\\/www.masdelarivoire.fr\\\/wp-content\\\/uploads\\\/2016\\\/02\\\/img_icone_photo_contenu.png\"},{\"@type\":\"BreadcrumbList\",\"@id\":\"https:\\\/\\\/www.masdelarivoire.fr\\\/chambres-hotes-sud-france-gard-sommieres\\\/#breadcrumb\",\"itemListElement\":[{\"@type\":\"ListItem\",\"position\":1,\"name\":\"Accueil\",\"item\":\"https:\\\/\\\/www.masdelarivoire.fr\\\/en\\\/\"},{\"@type\":\"ListItem\",\"position\":2,\"name\":\"Guestrooms\"}]},{\"@type\":\"WebSite\",\"@id\":\"https:\\\/\\\/www.masdelarivoire.fr\\\/#website\",\"url\":\"https:\\\/\\\/www.masdelarivoire.fr\\\/\",\"name\":\"Mas de la Rivoire\",\"description\":\"G\u00eetes et Chambres d&#039;H\u00f4tes \u00e0 proximit\u00e9 de Sommi\u00e8res - Gard - Sud de la France\",\"potentialAction\":[{\"@type\":\"SearchAction\",\"target\":{\"@type\":\"EntryPoint\",\"urlTemplate\":\"https:\\\/\\\/www.masdelarivoire.fr\\\/?s={search_term_string}\"},\"query-input\":{\"@type\":\"PropertyValueSpecification\",\"valueRequired\":true,\"valueName\":\"search_term_string\"}}],\"inLanguage\":\"en-US\"}]}<\/script>\n<!-- \/ Yoast SEO plugin. -->","yoast_head_json":{"title":"Guestrooms - Mas de la Rivoire","robots":{"index":"index","follow":"follow","max-snippet":"max-snippet:-1","max-image-preview":"max-image-preview:large","max-video-preview":"max-video-preview:-1"},"canonical":"https:\/\/www.masdelarivoire.fr\/chambres-hotes-sud-france-gard-sommieres\/","og_locale":"en_US","og_type":"article","og_title":"Guestrooms - Mas de la Rivoire","og_description":"Five authentic guest rooms, elegantly furnished Our double rooms are generous and comfortable. The rooms, which have been restored with great attention to detail and have a modern interior with traditional materials and a refined design. A successful mix between old and new, combined with a refined decoration. The exuberant rooms with solid wooden beams [&hellip;]","og_url":"https:\/\/www.masdelarivoire.fr\/chambres-hotes-sud-france-gard-sommieres\/","og_site_name":"Mas de la Rivoire","article_modified_time":"2017-07-03T10:22:33+00:00","og_image":[{"url":"https:\/\/www.masdelarivoire.fr\/wp-content\/uploads\/2016\/02\/img_icone_photo_contenu.png","type":"","width":"","height":""}],"twitter_card":"summary_large_image","twitter_misc":{"Est. reading time":"7 minutes"},"schema":{"@context":"https:\/\/schema.org","@graph":[{"@type":"WebPage","@id":"https:\/\/www.masdelarivoire.fr\/chambres-hotes-sud-france-gard-sommieres\/","url":"https:\/\/www.masdelarivoire.fr\/chambres-hotes-sud-france-gard-sommieres\/","name":"Guestrooms - Mas de la Rivoire","isPartOf":{"@id":"https:\/\/www.masdelarivoire.fr\/#website"},"primaryImageOfPage":{"@id":"https:\/\/www.masdelarivoire.fr\/chambres-hotes-sud-france-gard-sommieres\/#primaryimage"},"image":{"@id":"https:\/\/www.masdelarivoire.fr\/chambres-hotes-sud-france-gard-sommieres\/#primaryimage"},"thumbnailUrl":"https:\/\/www.masdelarivoire.fr\/wp-content\/uploads\/2016\/02\/img_icone_photo_contenu.png","datePublished":"2017-01-19T14:22:51+00:00","dateModified":"2017-07-03T10:22:33+00:00","breadcrumb":{"@id":"https:\/\/www.masdelarivoire.fr\/chambres-hotes-sud-france-gard-sommieres\/#breadcrumb"},"inLanguage":"en-US","potentialAction":[{"@type":"ReadAction","target":["https:\/\/www.masdelarivoire.fr\/chambres-hotes-sud-france-gard-sommieres\/"]}]},{"@type":"ImageObject","inLanguage":"en-US","@id":"https:\/\/www.masdelarivoire.fr\/chambres-hotes-sud-france-gard-sommieres\/#primaryimage","url":"https:\/\/www.masdelarivoire.fr\/wp-content\/uploads\/2016\/02\/img_icone_photo_contenu.png","contentUrl":"https:\/\/www.masdelarivoire.fr\/wp-content\/uploads\/2016\/02\/img_icone_photo_contenu.png"},{"@type":"BreadcrumbList","@id":"https:\/\/www.masdelarivoire.fr\/chambres-hotes-sud-france-gard-sommieres\/#breadcrumb","itemListElement":[{"@type":"ListItem","position":1,"name":"Accueil","item":"https:\/\/www.masdelarivoire.fr\/en\/"},{"@type":"ListItem","position":2,"name":"Guestrooms"}]},{"@type":"WebSite","@id":"https:\/\/www.masdelarivoire.fr\/#website","url":"https:\/\/www.masdelarivoire.fr\/","name":"Mas de la Rivoire","description":"G\u00eetes et Chambres d&#039;H\u00f4tes \u00e0 proximit\u00e9 de Sommi\u00e8res - Gard - Sud de la France","potentialAction":[{"@type":"SearchAction","target":{"@type":"EntryPoint","urlTemplate":"https:\/\/www.masdelarivoire.fr\/?s={search_term_string}"},"query-input":{"@type":"PropertyValueSpecification","valueRequired":true,"valueName":"search_term_string"}}],"inLanguage":"en-US"}]}},"_links":{"self":[{"href":"https:\/\/www.masdelarivoire.fr\/en\/wp-json\/wp\/v2\/pages\/2004","targetHints":{"allow":["GET"]}}],"collection":[{"href":"https:\/\/www.masdelarivoire.fr\/en\/wp-json\/wp\/v2\/pages"}],"about":[{"href":"https:\/\/www.masdelarivoire.fr\/en\/wp-json\/wp\/v2\/types\/page"}],"author":[{"embeddable":true,"href":"https:\/\/www.masdelarivoire.fr\/en\/wp-json\/wp\/v2\/users\/1"}],"replies":[{"embeddable":true,"href":"https:\/\/www.masdelarivoire.fr\/en\/wp-json\/wp\/v2\/comments?post=2004"}],"version-history":[{"count":10,"href":"https:\/\/www.masdelarivoire.fr\/en\/wp-json\/wp\/v2\/pages\/2004\/revisions"}],"predecessor-version":[{"id":2265,"href":"https:\/\/www.masdelarivoire.fr\/en\/wp-json\/wp\/v2\/pages\/2004\/revisions\/2265"}],"wp:attachment":[{"href":"https:\/\/www.masdelarivoire.fr\/en\/wp-json\/wp\/v2\/media?parent=2004"}],"curies":[{"name":"wp","href":"https:\/\/api.w.org\/{rel}","templated":true}]}}