{"id":1191,"date":"2016-12-20T16:52:59","date_gmt":"2016-12-20T15:52:59","guid":{"rendered":"http:\/\/www.masdelarivoire.fr\/?page_id=1191"},"modified":"2016-12-23T16:17:36","modified_gmt":"2016-12-23T15:17:36","slug":"pauschalen-reduzierung-forderung","status":"publish","type":"page","link":"https:\/\/www.masdelarivoire.fr\/de\/pauschalen-reduzierung-forderung\/","title":{"rendered":"Pauschalen"},"content":{"rendered":"<p>[et_pb_section admin_label=&#8220;Section&#8220; fullwidth=&#8220;on&#8220; specialty=&#8220;off&#8220;][et_pb_fullwidth_header admin_label=&#8220;En-t\u00eate plein \u00e9cran&#8220; title=&#8220;Spezial Arragements&#8220; subhead=&#8220;Profitieren Sie von unseren interessanten Genuss-Pauschalen&#8220; background_layout=&#8220;dark&#8220; text_orientation=&#8220;left&#8220; header_fullscreen=&#8220;off&#8220; header_scroll_down=&#8220;off&#8220; background_url=&#8220;https:\/\/www.masdelarivoire.fr\/wp-content\/uploads\/2016\/02\/img_header_offres_speciales.jpg&#8220; parallax=&#8220;off&#8220; parallax_method=&#8220;off&#8220; content_orientation=&#8220;center&#8220; image_orientation=&#8220;center&#8220; custom_button_one=&#8220;off&#8220; button_one_letter_spacing=&#8220;0&#8243; button_one_use_icon=&#8220;default&#8220; button_one_icon_placement=&#8220;right&#8220; button_one_on_hover=&#8220;on&#8220; button_one_letter_spacing_hover=&#8220;0&#8243; custom_button_two=&#8220;off&#8220; button_two_letter_spacing=&#8220;0&#8243; button_two_use_icon=&#8220;default&#8220; button_two_icon_placement=&#8220;right&#8220; button_two_on_hover=&#8220;on&#8220; button_two_letter_spacing_hover=&#8220;0&#8243; module_class=&#8220;ILD_header_page&#8220;] [\/et_pb_fullwidth_header][\/et_pb_section][et_pb_section admin_label=&#8220;Section&#8220; fullwidth=&#8220;off&#8220; specialty=&#8220;off&#8220;][et_pb_row admin_label=&#8220;Ligne&#8220;][et_pb_column type=&#8220;4_4&#8243;][et_pb_text admin_label=&#8220;Texte&#8220; background_layout=&#8220;light&#8220; text_orientation=&#8220;left&#8220; use_border_color=&#8220;off&#8220; border_color=&#8220;#ffffff&#8220; border_style=&#8220;solid&#8220;]<\/p>\n<p>Wir offerieren unseren G\u00e4sten verschiedene Themen-Pauschalen. W\u00e4hlen Sie eines unserer Pauschal-Arragements und lernen so unsere wunderbare Region kennen. Die Pauschalen eigenen sich auch bestens als Geschenksgutscheine. Zus\u00e4tzliche \u00dcbernachtung bieten wir jeweils zu sehr attraktiven Konditionen an.<\/p>\n<p>Folgend Pauschalen haben wir im Angebot:<\/p>\n<p>[\/et_pb_text][\/et_pb_column][\/et_pb_row][et_pb_row admin_label=&#8220;Ligne&#8220; make_fullwidth=&#8220;off&#8220; use_custom_width=&#8220;off&#8220; width_unit=&#8220;on&#8220; use_custom_gutter=&#8220;off&#8220; padding_mobile=&#8220;off&#8220; allow_player_pause=&#8220;off&#8220; parallax=&#8220;off&#8220; parallax_method=&#8220;off&#8220; make_equal=&#8220;off&#8220; parallax_1=&#8220;off&#8220; parallax_method_1=&#8220;off&#8220; parallax_2=&#8220;off&#8220; parallax_method_2=&#8220;off&#8220; column_padding_mobile=&#8220;on&#8220; module_class_1=&#8220;ILD_fond_offre_speciale ILD_fond_offre_speciale_sommieres&#8220; module_class_2=&#8220;ILD_fond_offre_speciale ILD_fond_offre_speciale_bien_etre&#8220;][et_pb_column type=&#8220;1_2&#8243;][et_pb_toggle admin_label=&#8220;Deux jours de break&#8220; title=&#8220;Gastronomisches-Genusspacket&#8220; open=&#8220;off&#8220; use_border_color=&#8220;off&#8220; border_color=&#8220;#ffffff&#8220; border_style=&#8220;solid&#8220;]<\/p>\n<p>M\u00f6chten Sie die mediterrane K\u00fcche und sch\u00f6nen Weine aus unserer Region geniessen? Sie \u00fcbernachten in einem h\u00fcbschen Doppelzimmer und geniessen am Abend ein Nachtessen in einem nahegelegenen Gourmet-Restaurant.<\/p>\n<ul>\n<li>Willkommensap\u00e8ro,<\/li>\n<li>Eine \u00dcbernachtungen in einem h\u00fcbschen Doppelzimmer,<\/li>\n<li>Reichhaltiges Fr\u00fchst\u00fccksbuffet,<\/li>\n<li>Ein Gourmet-Nachtessen (exkl. Getr\u00e4nke) f\u00fcr zwei Personen in Sommi\u00e8res<\/li>\n<\/ul>\n<p>Preis: 180 \u20ac f\u00fcr zwei Personen.<\/p>\n<p style=\"text-align: center;\"><a class=\"et_pb_more_button et_pb_button et_pb_button_one\" title=\"Contactez le Mas de la Rivoire au sujet des offres sp\u00e9ciales\" href=\"https:\/\/www.masdelarivoire.fr\/kontakt-reservierung-ferienwohnungen-gastezimmer-frankreich\/?lang=de\">Kontaktieren Sie uns!<\/a><\/p>\n<p>[\/et_pb_toggle][\/et_pb_column][et_pb_column type=&#8220;1_2&#8243;][et_pb_toggle admin_label=&#8220;Bien \u00eatre&#8220; title=&#8220;Relax-Genusspacket&#8220; open=&#8220;off&#8220; use_border_color=&#8220;off&#8220; border_color=&#8220;#ffffff&#8220; border_style=&#8220;solid&#8220;]<\/p>\n<p>Lassen Sie Ihre Seele baumeln. Das Mas de la Rivoire bietet Ihnen zusammen mit einem erfahrenen Team aus professionellen Masseuren und Therapeuten verschiedene Massagen an. Das Arragement beinhaltet:<\/p>\n<ul>\n<li>Eine \u00dcbernachtung in h\u00fcbschem Doppelzimmer,<\/li>\n<li>Reichhaltiges Fr\u00fchst\u00fccksbuffet,<\/li>\n<li>Ein Nachtessen (exkl. Getr\u00e4nke) f\u00fcr zwei Personen in Sommi\u00e8res,<\/li>\n<li>Je eine Massage von 60 Min. nach Wahl, in unserem Behandlungsraum<\/li>\n<\/ul>\n<p>Preis: 320 \u20ac f\u00fcr zwei Personen.<\/p>\n<p style=\"text-align: center;\"><a class=\"et_pb_more_button et_pb_button et_pb_button_one\" title=\"Contactez le Mas de la Rivoire au sujet des offres sp\u00e9ciales\" href=\"https:\/\/www.masdelarivoire.fr\/kontakt-reservierung-ferienwohnungen-gastezimmer-frankreich\/?lang=de\">Kontaktieren Sie uns!<\/a><\/p>\n<p>[\/et_pb_toggle][\/et_pb_column][\/et_pb_row][et_pb_row admin_label=&#8220;Ligne&#8220; make_fullwidth=&#8220;off&#8220; use_custom_width=&#8220;off&#8220; width_unit=&#8220;on&#8220; use_custom_gutter=&#8220;off&#8220; padding_mobile=&#8220;off&#8220; allow_player_pause=&#8220;off&#8220; parallax=&#8220;off&#8220; parallax_method=&#8220;off&#8220; make_equal=&#8220;off&#8220; parallax_1=&#8220;off&#8220; parallax_method_1=&#8220;off&#8220; parallax_2=&#8220;off&#8220; parallax_method_2=&#8220;off&#8220; column_padding_mobile=&#8220;on&#8220; module_class_1=&#8220;ILD_fond_offre_speciale ILD_fond_offre_speciale_voie_verte&#8220; module_class_2=&#8220;ILD_fond_offre_speciale ILD_fond_offre_speciale_equitation&#8220;][et_pb_column type=&#8220;1_2&#8243;][et_pb_toggle admin_label=&#8220;S\u00e9jour sportif&#8220; title=&#8220;Bike-Genusspacket&#8220; open=&#8220;off&#8220; use_border_color=&#8220;off&#8220; border_color=&#8220;#ffffff&#8220; border_style=&#8220;solid&#8220;]<\/p>\n<p>Auf unseren Mietr\u00e4dern entdecken Sie auf der \u201eVoie-Verte\u201c einem ehemaligen Eisenbahntrasse von Sommi\u00e8res nach N\u00eemes einen wundersch\u00f6nen Ausflug durch die Weinreben und Olivenhainen. Das Arragement beinhaltet:<\/p>\n<ul>\n<li>Benutzung von zwei MTB oder City-Bikes,<\/li>\n<li>Eine \u00dcbernachtung in h\u00fcbschem Doppelzimmer,<\/li>\n<li>Reichhaltiges Fr\u00fchst\u00fccksbuffet,<\/li>\n<li>Ein Nachtessen (exkl. Getr\u00e4nke) f\u00fcr zwei Personen in Sommi\u00e8res.<\/li>\n<\/ul>\n<p>Preis: 160 \u20ac f\u00fcr zwei Personen.<\/p>\n<p style=\"text-align: center;\"><a class=\"et_pb_more_button et_pb_button et_pb_button_one\" title=\"Contactez le Mas de la Rivoire au sujet des offres sp\u00e9ciales\" href=\"https:\/\/www.masdelarivoire.fr\/kontakt-reservierung-ferienwohnungen-gastezimmer-frankreich\/?lang=de\">Kontaktieren Sie uns!<\/a><\/p>\n<p>[\/et_pb_toggle][\/et_pb_column][et_pb_column type=&#8220;1_2&#8243;][et_pb_toggle admin_label=&#8220;\u00e9quitation&#8220; title=&#8220;Reit-Genusspacket&#8220; open=&#8220;off&#8220; use_border_color=&#8220;off&#8220; border_color=&#8220;#ffffff&#8220; border_style=&#8220;solid&#8220;]<\/p>\n<p>Wir organisieren f\u00fcr Sie, mit einem nahegelgenen Reitsportzenter, einen erlebnisreichen und abenteuerlichen Ausritt. Sie werden begeistert sein. Das Arragement beinhaltet:<\/p>\n<ul>\n<li>2-st\u00fcndiger Ausritt inkl. Reitguide,<\/li>\n<li>Eine \u00dcbernachtung in h\u00fcbschem Doppelzimmer,<\/li>\n<li>Reichhaltiges Fr\u00fchst\u00fccksbuffet,<\/li>\n<li>Ein Nachtessen (exkl. Getr\u00e4nke) f\u00fcr zwei Personen in Sommi\u00e8res.<\/li>\n<\/ul>\n<p>Preis: 190 \u20ac f\u00fcr zwei Personen.<\/p>\n<p style=\"text-align: center;\"><a class=\"et_pb_more_button et_pb_button et_pb_button_one\" title=\"Contactez le Mas de la Rivoire au sujet des offres sp\u00e9ciales\" href=\"https:\/\/www.masdelarivoire.fr\/kontakt-reservierung-ferienwohnungen-gastezimmer-frankreich\/?lang=de\">Kontaktieren Sie uns!<\/a><\/p>\n<p>[\/et_pb_toggle][\/et_pb_column][\/et_pb_row][et_pb_row admin_label=&#8220;Ligne&#8220; make_fullwidth=&#8220;off&#8220; use_custom_width=&#8220;off&#8220; width_unit=&#8220;on&#8220; use_custom_gutter=&#8220;off&#8220; padding_mobile=&#8220;off&#8220; allow_player_pause=&#8220;off&#8220; parallax=&#8220;off&#8220; parallax_method=&#8220;off&#8220; make_equal=&#8220;off&#8220; parallax_1=&#8220;off&#8220; parallax_method_1=&#8220;off&#8220; parallax_2=&#8220;off&#8220; parallax_method_2=&#8220;off&#8220; column_padding_mobile=&#8220;on&#8220; module_class_1=&#8220;ILD_fond_offre_speciale ILD_fond_offre_speciale_oenologie&#8220;][et_pb_column type=&#8220;1_2&#8243;][et_pb_toggle admin_label=&#8220;S\u00e9jour oenologique&#8220; title=&#8220;Wein- und Oliven\u00f6l-Genusspacket&#8220; open=&#8220;off&#8220; use_border_color=&#8220;off&#8220; border_color=&#8220;#ffffff&#8220; border_style=&#8220;solid&#8220;]<\/p>\n<p>Sie entdecken bei ausgew\u00e4hlten Wein- und Oliven\u00f6lbauern einen Degustations-Exkurs und lassen Ihre Sinne von den Sch\u00f6nheiten verw\u00f6hnen. Welches Weingut m\u00f6chten Sie besuchen? Das Arragement beinhaltet:<\/p>\n<ul>\n<li>Besuch und Degustation bei zwei lokalen Weinbauern,<\/li>\n<li>Besuch in der Olivenm\u00fchle in Villevieille,<\/li>\n<li>Eine \u00dcbernachtung in h\u00fcbschem Doppelzimmer,<\/li>\n<li>Reichhaltiges Fr\u00fchst\u00fccksbuffet,<\/li>\n<li>Ein Nachtessen inkl. Wein f\u00fcr zwei Personen in Sommi\u00e8res.<\/li>\n<\/ul>\n<p>Preis: 200 \u20ac f\u00fcr zwei Personen.<\/p>\n<p style=\"text-align: center;\"><a class=\"et_pb_more_button et_pb_button et_pb_button_one\" title=\"Contactez le Mas de la Rivoire au sujet des offres sp\u00e9ciales\" href=\"https:\/\/www.masdelarivoire.fr\/kontakt-reservierung-ferienwohnungen-gastezimmer-frankreich\/?lang=de\">Kontaktieren Sie uns!<\/a><\/p>\n<p>[\/et_pb_toggle][\/et_pb_column][et_pb_column type=&#8220;1_2&#8243;][\/et_pb_column][\/et_pb_row][\/et_pb_section]<\/p>\n","protected":false},"excerpt":{"rendered":"<p>Wir offerieren unseren G\u00e4sten verschiedene Themen-Pauschalen. W\u00e4hlen Sie eines unserer Pauschal-Arragements und lernen so unsere wunderbare Region kennen. Die Pauschalen eigenen sich auch bestens als Geschenksgutscheine. Zus\u00e4tzliche \u00dcbernachtung bieten wir jeweils zu sehr attraktiven Konditionen an. Folgend Pauschalen haben wir im Angebot: M\u00f6chten Sie die mediterrane K\u00fcche und sch\u00f6nen Weine aus unserer Region geniessen? Sie [&hellip;]<\/p>\n","protected":false},"author":1,"featured_media":0,"parent":0,"menu_order":0,"comment_status":"closed","ping_status":"closed","template":"","meta":{"_et_pb_use_builder":"on","_et_pb_old_content":"","_et_gb_content_width":"","_exactmetrics_skip_tracking":false,"_exactmetrics_sitenote_active":false,"_exactmetrics_sitenote_note":"","_exactmetrics_sitenote_category":0,"footnotes":""},"class_list":["post-1191","page","type-page","status-publish","hentry"],"yoast_head":"<!-- This site is optimized with the Yoast SEO plugin v27.4 - https:\/\/yoast.com\/product\/yoast-seo-wordpress\/ -->\n<title>Pauschalen - Mas de la Rivoire<\/title>\n<meta name=\"robots\" content=\"index, follow, max-snippet:-1, max-image-preview:large, max-video-preview:-1\" \/>\n<link rel=\"canonical\" href=\"https:\/\/www.masdelarivoire.fr\/de\/pauschalen-reduzierung-forderung\/\" \/>\n<meta property=\"og:locale\" content=\"de_DE\" \/>\n<meta property=\"og:type\" content=\"article\" \/>\n<meta property=\"og:title\" content=\"Pauschalen - Mas de la Rivoire\" \/>\n<meta property=\"og:description\" content=\"Wir offerieren unseren G\u00e4sten verschiedene Themen-Pauschalen. W\u00e4hlen Sie eines unserer Pauschal-Arragements und lernen so unsere wunderbare Region kennen. Die Pauschalen eigenen sich auch bestens als Geschenksgutscheine. Zus\u00e4tzliche \u00dcbernachtung bieten wir jeweils zu sehr attraktiven Konditionen an. Folgend Pauschalen haben wir im Angebot: M\u00f6chten Sie die mediterrane K\u00fcche und sch\u00f6nen Weine aus unserer Region geniessen? Sie [&hellip;]\" \/>\n<meta property=\"og:url\" content=\"https:\/\/www.masdelarivoire.fr\/de\/pauschalen-reduzierung-forderung\/\" \/>\n<meta property=\"og:site_name\" content=\"Mas de la Rivoire\" \/>\n<meta property=\"article:modified_time\" content=\"2016-12-23T15:17:36+00:00\" \/>\n<meta name=\"twitter:card\" content=\"summary_large_image\" \/>\n<meta name=\"twitter:label1\" content=\"Gesch\u00e4tzte Lesezeit\" \/>\n\t<meta name=\"twitter:data1\" content=\"5\u00a0Minuten\" \/>\n<script type=\"application\/ld+json\" class=\"yoast-schema-graph\">{\"@context\":\"https:\\\/\\\/schema.org\",\"@graph\":[{\"@type\":\"WebPage\",\"@id\":\"https:\\\/\\\/www.masdelarivoire.fr\\\/de\\\/pauschalen-reduzierung-forderung\\\/\",\"url\":\"https:\\\/\\\/www.masdelarivoire.fr\\\/de\\\/pauschalen-reduzierung-forderung\\\/\",\"name\":\"Pauschalen - Mas de la Rivoire\",\"isPartOf\":{\"@id\":\"https:\\\/\\\/www.masdelarivoire.fr\\\/#website\"},\"datePublished\":\"2016-12-20T15:52:59+00:00\",\"dateModified\":\"2016-12-23T15:17:36+00:00\",\"breadcrumb\":{\"@id\":\"https:\\\/\\\/www.masdelarivoire.fr\\\/de\\\/pauschalen-reduzierung-forderung\\\/#breadcrumb\"},\"inLanguage\":\"de\",\"potentialAction\":[{\"@type\":\"ReadAction\",\"target\":[\"https:\\\/\\\/www.masdelarivoire.fr\\\/de\\\/pauschalen-reduzierung-forderung\\\/\"]}]},{\"@type\":\"BreadcrumbList\",\"@id\":\"https:\\\/\\\/www.masdelarivoire.fr\\\/de\\\/pauschalen-reduzierung-forderung\\\/#breadcrumb\",\"itemListElement\":[{\"@type\":\"ListItem\",\"position\":1,\"name\":\"Accueil\",\"item\":\"https:\\\/\\\/www.masdelarivoire.fr\\\/de\\\/\"},{\"@type\":\"ListItem\",\"position\":2,\"name\":\"Pauschalen\"}]},{\"@type\":\"WebSite\",\"@id\":\"https:\\\/\\\/www.masdelarivoire.fr\\\/#website\",\"url\":\"https:\\\/\\\/www.masdelarivoire.fr\\\/\",\"name\":\"Mas de la Rivoire\",\"description\":\"G\u00eetes et Chambres d&#039;H\u00f4tes \u00e0 proximit\u00e9 de Sommi\u00e8res - Gard - Sud de la France\",\"potentialAction\":[{\"@type\":\"SearchAction\",\"target\":{\"@type\":\"EntryPoint\",\"urlTemplate\":\"https:\\\/\\\/www.masdelarivoire.fr\\\/?s={search_term_string}\"},\"query-input\":{\"@type\":\"PropertyValueSpecification\",\"valueRequired\":true,\"valueName\":\"search_term_string\"}}],\"inLanguage\":\"de\"}]}<\/script>\n<!-- \/ Yoast SEO plugin. -->","yoast_head_json":{"title":"Pauschalen - Mas de la Rivoire","robots":{"index":"index","follow":"follow","max-snippet":"max-snippet:-1","max-image-preview":"max-image-preview:large","max-video-preview":"max-video-preview:-1"},"canonical":"https:\/\/www.masdelarivoire.fr\/de\/pauschalen-reduzierung-forderung\/","og_locale":"de_DE","og_type":"article","og_title":"Pauschalen - Mas de la Rivoire","og_description":"Wir offerieren unseren G\u00e4sten verschiedene Themen-Pauschalen. W\u00e4hlen Sie eines unserer Pauschal-Arragements und lernen so unsere wunderbare Region kennen. Die Pauschalen eigenen sich auch bestens als Geschenksgutscheine. Zus\u00e4tzliche \u00dcbernachtung bieten wir jeweils zu sehr attraktiven Konditionen an. Folgend Pauschalen haben wir im Angebot: M\u00f6chten Sie die mediterrane K\u00fcche und sch\u00f6nen Weine aus unserer Region geniessen? Sie [&hellip;]","og_url":"https:\/\/www.masdelarivoire.fr\/de\/pauschalen-reduzierung-forderung\/","og_site_name":"Mas de la Rivoire","article_modified_time":"2016-12-23T15:17:36+00:00","twitter_card":"summary_large_image","twitter_misc":{"Gesch\u00e4tzte Lesezeit":"5\u00a0Minuten"},"schema":{"@context":"https:\/\/schema.org","@graph":[{"@type":"WebPage","@id":"https:\/\/www.masdelarivoire.fr\/de\/pauschalen-reduzierung-forderung\/","url":"https:\/\/www.masdelarivoire.fr\/de\/pauschalen-reduzierung-forderung\/","name":"Pauschalen - Mas de la Rivoire","isPartOf":{"@id":"https:\/\/www.masdelarivoire.fr\/#website"},"datePublished":"2016-12-20T15:52:59+00:00","dateModified":"2016-12-23T15:17:36+00:00","breadcrumb":{"@id":"https:\/\/www.masdelarivoire.fr\/de\/pauschalen-reduzierung-forderung\/#breadcrumb"},"inLanguage":"de","potentialAction":[{"@type":"ReadAction","target":["https:\/\/www.masdelarivoire.fr\/de\/pauschalen-reduzierung-forderung\/"]}]},{"@type":"BreadcrumbList","@id":"https:\/\/www.masdelarivoire.fr\/de\/pauschalen-reduzierung-forderung\/#breadcrumb","itemListElement":[{"@type":"ListItem","position":1,"name":"Accueil","item":"https:\/\/www.masdelarivoire.fr\/de\/"},{"@type":"ListItem","position":2,"name":"Pauschalen"}]},{"@type":"WebSite","@id":"https:\/\/www.masdelarivoire.fr\/#website","url":"https:\/\/www.masdelarivoire.fr\/","name":"Mas de la Rivoire","description":"G\u00eetes et Chambres d&#039;H\u00f4tes \u00e0 proximit\u00e9 de Sommi\u00e8res - Gard - Sud de la France","potentialAction":[{"@type":"SearchAction","target":{"@type":"EntryPoint","urlTemplate":"https:\/\/www.masdelarivoire.fr\/?s={search_term_string}"},"query-input":{"@type":"PropertyValueSpecification","valueRequired":true,"valueName":"search_term_string"}}],"inLanguage":"de"}]}},"_links":{"self":[{"href":"https:\/\/www.masdelarivoire.fr\/de\/wp-json\/wp\/v2\/pages\/1191","targetHints":{"allow":["GET"]}}],"collection":[{"href":"https:\/\/www.masdelarivoire.fr\/de\/wp-json\/wp\/v2\/pages"}],"about":[{"href":"https:\/\/www.masdelarivoire.fr\/de\/wp-json\/wp\/v2\/types\/page"}],"author":[{"embeddable":true,"href":"https:\/\/www.masdelarivoire.fr\/de\/wp-json\/wp\/v2\/users\/1"}],"replies":[{"embeddable":true,"href":"https:\/\/www.masdelarivoire.fr\/de\/wp-json\/wp\/v2\/comments?post=1191"}],"version-history":[{"count":5,"href":"https:\/\/www.masdelarivoire.fr\/de\/wp-json\/wp\/v2\/pages\/1191\/revisions"}],"predecessor-version":[{"id":1922,"href":"https:\/\/www.masdelarivoire.fr\/de\/wp-json\/wp\/v2\/pages\/1191\/revisions\/1922"}],"wp:attachment":[{"href":"https:\/\/www.masdelarivoire.fr\/de\/wp-json\/wp\/v2\/media?parent=1191"}],"curies":[{"name":"wp","href":"https:\/\/api.w.org\/{rel}","templated":true}]}}