{"id":1161,"date":"2016-12-20T16:43:36","date_gmt":"2016-12-20T15:43:36","guid":{"rendered":"http:\/\/www.masdelarivoire.fr\/?page_id=1161"},"modified":"2026-04-15T10:16:42","modified_gmt":"2026-04-15T09:16:42","slug":"gastezimmer-menthe","status":"publish","type":"page","link":"https:\/\/www.masdelarivoire.fr\/de\/gastezimmer-menthe\/","title":{"rendered":"G\u00e4stezimmer &#8222;La Menthe&#8220;"},"content":{"rendered":"<p>[et_pb_section fb_built=&#8220;1&#8243; fullwidth=&#8220;on&#8220; admin_label=&#8220;Section&#8220; _builder_version=&#8220;4.16&#8243; global_colors_info=&#8220;{}&#8220;][et_pb_fullwidth_header title=&#8220;G\u00e4stezimmer %22La menthe%22&#8243; subhead=&#8220;Sch\u00f6ne s\u00fcdwest Ausrichtung mit eigenem Sitzplatz&#8220; content_max_width=&#8220;none&#8220; admin_label=&#8220;En-t\u00eate plein \u00e9cran&#8220; module_class=&#8220;ILD_header_page&#8220; _builder_version=&#8220;4.16&#8243; background_color=&#8220;rgba(255, 255, 255, 0)&#8220; background_image=&#8220;https:\/\/www.masdelarivoire.fr\/wp-content\/uploads\/2016\/02\/img_header_chambre_hotes_menthe.jpg&#8220; background_url=&#8220;https:\/\/www.masdelarivoire.fr\/wp-content\/uploads\/2016\/02\/img_header_chambre_hotes_menthe.jpg&#8220; button_one_letter_spacing_hover=&#8220;0&#8243; button_two_letter_spacing_hover=&#8220;0&#8243; global_colors_info=&#8220;{}&#8220; button_one_text_size__hover_enabled=&#8220;off&#8220; button_two_text_size__hover_enabled=&#8220;off&#8220; button_one_text_color__hover_enabled=&#8220;off&#8220; button_two_text_color__hover_enabled=&#8220;off&#8220; button_one_border_width__hover_enabled=&#8220;off&#8220; button_two_border_width__hover_enabled=&#8220;off&#8220; button_one_border_color__hover_enabled=&#8220;off&#8220; button_two_border_color__hover_enabled=&#8220;off&#8220; button_one_border_radius__hover_enabled=&#8220;off&#8220; button_two_border_radius__hover_enabled=&#8220;off&#8220; button_one_letter_spacing__hover_enabled=&#8220;on&#8220; button_one_letter_spacing__hover=&#8220;0&#8243; button_two_letter_spacing__hover_enabled=&#8220;on&#8220; button_two_letter_spacing__hover=&#8220;0&#8243; button_one_bg_color__hover_enabled=&#8220;off&#8220; button_two_bg_color__hover_enabled=&#8220;off&#8220;] [\/et_pb_fullwidth_header][\/et_pb_section][et_pb_section fb_built=&#8220;1&#8243; admin_label=&#8220;Section&#8220; _builder_version=&#8220;4.16&#8243; global_colors_info=&#8220;{}&#8220;][et_pb_row column_structure=&#8220;2_3,1_3&#8243; padding_mobile=&#8220;off&#8220; column_padding_mobile=&#8220;on&#8220; admin_label=&#8220;Ligne&#8220; _builder_version=&#8220;4.16&#8243; background_size=&#8220;initial&#8220; background_position=&#8220;top_left&#8220; background_repeat=&#8220;repeat&#8220; make_fullwidth=&#8220;off&#8220; use_custom_width=&#8220;off&#8220; width_unit=&#8220;on&#8220; global_colors_info=&#8220;{}&#8220;][et_pb_column type=&#8220;2_3&#8243; _builder_version=&#8220;4.16&#8243; custom_padding=&#8220;|||&#8220; global_colors_info=&#8220;{}&#8220; custom_padding__hover=&#8220;|||&#8220;][et_pb_text admin_label=&#8220;Texte&#8220; _builder_version=&#8220;4.24.2&#8243; background_size=&#8220;initial&#8220; background_position=&#8220;top_left&#8220; background_repeat=&#8220;repeat&#8220; use_border_color=&#8220;off&#8220; border_color=&#8220;#ffffff&#8220; border_style=&#8220;solid&#8220; global_colors_info=&#8220;{}&#8220;]<\/p>\n<h2><img decoding=\"async\" class=\"alignleft ILD_icone_titre_contenu\" src=\"https:\/\/www.masdelarivoire.fr\/wp-content\/uploads\/2016\/02\/img_icone_chambre_hote_contenu.png\" alt=\"icone des gites et chambre d'hotes du mas de la rivoire\" \/>La Menthe<\/h2>\n<p>Dieses pr\u00e4chtige Zimmer mit seinen Steinw\u00e4nden und freiliegenden Balken ist nach S\u00fcdwesten ausgerichtet und dank seiner gro\u00dfen, historischen Fenster lichtdurchflutet.<\/p>\n<p>Auf 31 m\u00b2 bietet es einen herrlichen Blick ins Gr\u00fcne und verf\u00fcgt \u00fcber ein gro\u00dfes Doppelbett, ein ger\u00e4umiges Duschbad mit WC, eine K\u00fcchenzeile mit Sp\u00fcle, Zweiflammenkocher, Wasserkocher, Nespresso-Maschine, kleinem K\u00fchlschrank und kleinem Geschirrsp\u00fcler. Zudem geh\u00f6rt eine private Terrasse mit Blick auf den Garten dazu.<\/p>\n<p>[\/et_pb_text][et_pb_text admin_label=&#8220;Texte&#8220; _builder_version=&#8220;4.16&#8243; background_size=&#8220;initial&#8220; background_position=&#8220;top_left&#8220; background_repeat=&#8220;repeat&#8220; use_border_color=&#8220;off&#8220; border_color=&#8220;#ffffff&#8220; border_style=&#8220;solid&#8220; global_colors_info=&#8220;{}&#8220;]<\/p>\n<h2><img decoding=\"async\" class=\"alignleft ILD_icone_titre_contenu\" src=\"https:\/\/www.masdelarivoire.fr\/wp-content\/uploads\/2016\/03\/img_icone_tarif_contenu.png\" alt=\"icone des tarifs des gites et chambre d'hotes du mas de la rivoire\" \/>Preise<\/h2>\n<p><a href=\"https:\/\/www.masdelarivoire.fr\/preise-ferienwohnungen-gastezimmer-sudfrankreich\/?lang=de\">Hier<\/a> geht es zu unseren Preisen.<br \/>\n[\/et_pb_text][\/et_pb_column][et_pb_column type=&#8220;1_3&#8243; module_class=&#8220;bordure_box_marron_clair&#8220; _builder_version=&#8220;4.16&#8243; custom_padding=&#8220;|||&#8220; global_colors_info=&#8220;{}&#8220; custom_padding__hover=&#8220;|||&#8220;][et_pb_blurb title=&#8220;Informationen und Reservationen&#8220; url=&#8220;https:\/\/www.masdelarivoire.fr\/kontakt-reservierung-ferienwohnungen-gastezimmer-frankreich\/?lang=de&#8220; image=&#8220;https:\/\/www.masdelarivoire.fr\/wp-content\/uploads\/2016\/02\/img_picto_contact_1.png&#8220; alt=&#8220;pictogramme appel t\u00e9l\u00e9phonique&#8220; image_icon_width=&#8220;none&#8220; admin_label=&#8220;R\u00e9sum\u00e9&#8220; module_class=&#8220;ILD_fond_marron_clair ILD_fond_box_vigne&#8220; _builder_version=&#8220;4.16&#8243; background_size=&#8220;initial&#8220; background_position=&#8220;top_left&#8220; background_repeat=&#8220;repeat&#8220; text_orientation=&#8220;center&#8220; background_layout=&#8220;dark&#8220; use_border_color=&#8220;off&#8220; border_color=&#8220;#ffffff&#8220; border_style=&#8220;solid&#8220; image_max_width=&#8220;none&#8220; use_circle=&#8220;off&#8220; use_circle_border=&#8220;off&#8220; circle_border_color=&#8220;#866560&#8243; circle_color=&#8220;#866560&#8243; global_colors_info=&#8220;{}&#8220;]W\u00fcnschen Sie weitere Informationen oder wollen Sie die Verf\u00fcgbarkeit pr\u00fcfen?<br \/>\n<a class=\"et_pb_more_button et_pb_button et_pb_button_one ILD_marge_bas_bouton_box\" title=\"Contactez g\u00eetes et chambres d'h\u00f4tes du Mas de la Rivoire\" href=\"https:\/\/www.masdelarivoire.fr\/kontakt-reservierung-ferienwohnungen-gastezimmer-frankreich\/?lang=de\">Kontaktieren Sie uns<\/a><br \/>\n[\/et_pb_blurb][\/et_pb_column][\/et_pb_row][\/et_pb_section][et_pb_section fb_built=&#8220;1&#8243; admin_label=&#8220;Section&#8220; _builder_version=&#8220;4.16&#8243; global_colors_info=&#8220;{}&#8220;][et_pb_row admin_label=&#8220;Ligne&#8220; _builder_version=&#8220;4.16&#8243; background_size=&#8220;initial&#8220; background_position=&#8220;top_left&#8220; background_repeat=&#8220;repeat&#8220; global_colors_info=&#8220;{}&#8220;][et_pb_column type=&#8220;4_4&#8243; _builder_version=&#8220;4.16&#8243; custom_padding=&#8220;|||&#8220; global_colors_info=&#8220;{}&#8220; custom_padding__hover=&#8220;|||&#8220;][et_pb_text admin_label=&#8220;Texte&#8220; _builder_version=&#8220;4.16&#8243; background_size=&#8220;initial&#8220; background_position=&#8220;top_left&#8220; background_repeat=&#8220;repeat&#8220; use_border_color=&#8220;off&#8220; border_color=&#8220;#ffffff&#8220; border_style=&#8220;solid&#8220; global_colors_info=&#8220;{}&#8220;]<\/p>\n<h2><img decoding=\"async\" class=\"alignleft ILD_icone_titre_contenu\" src=\"https:\/\/www.masdelarivoire.fr\/wp-content\/uploads\/2016\/02\/img_icone_photo_contenu.png\" alt=\"icone photographie des gites et chambre d'hotes du mas de la rivoire\" \/>Einige Fotos vom Zimmer &#8222;La Menthe&#8220;<\/h2>\n<p>[\/et_pb_text][\/et_pb_column][\/et_pb_row][et_pb_row admin_label=&#8220;Ligne&#8220; _builder_version=&#8220;4.16&#8243; background_size=&#8220;initial&#8220; background_position=&#8220;top_left&#8220; background_repeat=&#8220;repeat&#8220; global_colors_info=&#8220;{}&#8220;][et_pb_column type=&#8220;4_4&#8243; _builder_version=&#8220;4.16&#8243; custom_padding=&#8220;|||&#8220; global_colors_info=&#8220;{}&#8220; custom_padding__hover=&#8220;|||&#8220;][et_pb_gallery gallery_ids=&#8220;1655,1659,1661,1663,1665,1669,1671,1673,4003,4000,3997&#8243; gallery_orderby=&#8220;rand&#8220; posts_number=&#8220;8&#8243; hover_icon=&#8220;&#x54;||divi||400&#8243; admin_label=&#8220;Galerie&#8220; _builder_version=&#8220;4.24.2&#8243; hover_enabled=&#8220;0&#8243; use_border_color=&#8220;off&#8220; border_color=&#8220;#ffffff&#8220; border_style=&#8220;solid&#8220; global_colors_info=&#8220;{}&#8220; sticky_enabled=&#8220;0&#8243;]&nbsp;<br \/>\n[\/et_pb_gallery][\/et_pb_column][\/et_pb_row][\/et_pb_section][et_pb_section fb_built=&#8220;1&#8243; fullwidth=&#8220;on&#8220; custom_padding_last_edited=&#8220;on|desktop&#8220; admin_label=&#8220;Section&#8220; _builder_version=&#8220;4.16&#8243; background_image=&#8220;https:\/\/www.masdelarivoire.fr\/wp-content\/uploads\/2016\/01\/img_fond_chambre_hotes.jpg&#8220; custom_padding_tablet=&#8220;50px|0|50px|0&#8243; custom_padding_phone=&#8220;50px|0|50px|0&#8243; transparent_background=&#8220;off&#8220; padding_mobile=&#8220;off&#8220; make_fullwidth=&#8220;off&#8220; use_custom_width=&#8220;off&#8220; width_unit=&#8220;on&#8220; global_colors_info=&#8220;{}&#8220;][et_pb_fullwidth_code admin_label=&#8220;Code en pleine largeur&#8220; module_class=&#8220;et_pb_bg_layout_dark&#8220; _builder_version=&#8220;4.16&#8243; custom_css_main_element=&#8220;padding:50px;||text-align: center;&#8220; global_colors_info=&#8220;{}&#8220;]<\/p>\n<h3 class=\"ILD_ombre_sur_texte_blanc\">Entdecken Sie alle unsere G\u00e4stezimmer <!\u2013- [et_pb_br_holder] -\u2013>und lassen Sie sich verzaubern&#8230;<\/h3>\n<p> <a title=\"Visitez nos chambres d'h\u00f4tes du Mas de la Rivoire\" class=\"et_pb_more_button et_pb_button et_pb_button_one ILD_ombre_sur_texte_blanc\" href=\"https:\/\/www.masdelarivoire.fr\/gastezimmer-charmant-romantisch-entspannen-suden-frankreich\/?lang=de\">Besuchen Sie<\/a>[\/et_pb_fullwidth_code][\/et_pb_section]<\/p>\n","protected":false},"excerpt":{"rendered":"<p>La Menthe Dieses pr\u00e4chtige Zimmer mit seinen Steinw\u00e4nden und freiliegenden Balken ist nach S\u00fcdwesten ausgerichtet und dank seiner gro\u00dfen, historischen Fenster lichtdurchflutet. Auf 31 m\u00b2 bietet es einen herrlichen Blick ins Gr\u00fcne und verf\u00fcgt \u00fcber ein gro\u00dfes Doppelbett, ein ger\u00e4umiges Duschbad mit WC, eine K\u00fcchenzeile mit Sp\u00fcle, Zweiflammenkocher, Wasserkocher, Nespresso-Maschine, kleinem K\u00fchlschrank und kleinem Geschirrsp\u00fcler. [&hellip;]<\/p>\n","protected":false},"author":1,"featured_media":0,"parent":0,"menu_order":0,"comment_status":"closed","ping_status":"closed","template":"","meta":{"_et_pb_use_builder":"on","_et_pb_old_content":"","_et_gb_content_width":"","_exactmetrics_skip_tracking":false,"_exactmetrics_sitenote_active":false,"_exactmetrics_sitenote_note":"","_exactmetrics_sitenote_category":0,"footnotes":""},"class_list":["post-1161","page","type-page","status-publish","hentry"],"yoast_head":"<!-- This site is optimized with the Yoast SEO plugin v27.6 - https:\/\/yoast.com\/product\/yoast-seo-wordpress\/ -->\n<title>G\u00e4stezimmer &quot;La Menthe&quot; - Mas de la Rivoire<\/title>\n<meta name=\"robots\" content=\"index, follow, max-snippet:-1, max-image-preview:large, max-video-preview:-1\" \/>\n<link rel=\"canonical\" href=\"https:\/\/www.masdelarivoire.fr\/de\/gastezimmer-menthe\/\" \/>\n<meta property=\"og:locale\" content=\"de_DE\" \/>\n<meta property=\"og:type\" content=\"article\" \/>\n<meta property=\"og:title\" content=\"G\u00e4stezimmer &quot;La Menthe&quot; - Mas de la Rivoire\" \/>\n<meta property=\"og:description\" content=\"La Menthe Dieses pr\u00e4chtige Zimmer mit seinen Steinw\u00e4nden und freiliegenden Balken ist nach S\u00fcdwesten ausgerichtet und dank seiner gro\u00dfen, historischen Fenster lichtdurchflutet. Auf 31 m\u00b2 bietet es einen herrlichen Blick ins Gr\u00fcne und verf\u00fcgt \u00fcber ein gro\u00dfes Doppelbett, ein ger\u00e4umiges Duschbad mit WC, eine K\u00fcchenzeile mit Sp\u00fcle, Zweiflammenkocher, Wasserkocher, Nespresso-Maschine, kleinem K\u00fchlschrank und kleinem Geschirrsp\u00fcler. [&hellip;]\" \/>\n<meta property=\"og:url\" content=\"https:\/\/www.masdelarivoire.fr\/de\/gastezimmer-menthe\/\" \/>\n<meta property=\"og:site_name\" content=\"Mas de la Rivoire\" \/>\n<meta property=\"article:modified_time\" content=\"2026-04-15T09:16:42+00:00\" \/>\n<meta property=\"og:image\" content=\"https:\/\/www.masdelarivoire.fr\/wp-content\/uploads\/2016\/02\/img_icone_chambre_hote_contenu.png\" \/>\n<meta name=\"twitter:card\" content=\"summary_large_image\" \/>\n<meta name=\"twitter:label1\" content=\"Gesch\u00e4tzte Lesezeit\" \/>\n\t<meta name=\"twitter:data1\" content=\"4\u00a0Minuten\" \/>\n<script type=\"application\/ld+json\" class=\"yoast-schema-graph\">{\"@context\":\"https:\\\/\\\/schema.org\",\"@graph\":[{\"@type\":\"WebPage\",\"@id\":\"https:\\\/\\\/www.masdelarivoire.fr\\\/de\\\/gastezimmer-menthe\\\/\",\"url\":\"https:\\\/\\\/www.masdelarivoire.fr\\\/de\\\/gastezimmer-menthe\\\/\",\"name\":\"G\u00e4stezimmer \\\"La Menthe\\\" - Mas de la Rivoire\",\"isPartOf\":{\"@id\":\"https:\\\/\\\/www.masdelarivoire.fr\\\/#website\"},\"primaryImageOfPage\":{\"@id\":\"https:\\\/\\\/www.masdelarivoire.fr\\\/de\\\/gastezimmer-menthe\\\/#primaryimage\"},\"image\":{\"@id\":\"https:\\\/\\\/www.masdelarivoire.fr\\\/de\\\/gastezimmer-menthe\\\/#primaryimage\"},\"thumbnailUrl\":\"https:\\\/\\\/www.masdelarivoire.fr\\\/wp-content\\\/uploads\\\/2016\\\/02\\\/img_icone_chambre_hote_contenu.png\",\"datePublished\":\"2016-12-20T15:43:36+00:00\",\"dateModified\":\"2026-04-15T09:16:42+00:00\",\"breadcrumb\":{\"@id\":\"https:\\\/\\\/www.masdelarivoire.fr\\\/de\\\/gastezimmer-menthe\\\/#breadcrumb\"},\"inLanguage\":\"de\",\"potentialAction\":[{\"@type\":\"ReadAction\",\"target\":[\"https:\\\/\\\/www.masdelarivoire.fr\\\/de\\\/gastezimmer-menthe\\\/\"]}]},{\"@type\":\"ImageObject\",\"inLanguage\":\"de\",\"@id\":\"https:\\\/\\\/www.masdelarivoire.fr\\\/de\\\/gastezimmer-menthe\\\/#primaryimage\",\"url\":\"https:\\\/\\\/www.masdelarivoire.fr\\\/wp-content\\\/uploads\\\/2016\\\/02\\\/img_icone_chambre_hote_contenu.png\",\"contentUrl\":\"https:\\\/\\\/www.masdelarivoire.fr\\\/wp-content\\\/uploads\\\/2016\\\/02\\\/img_icone_chambre_hote_contenu.png\"},{\"@type\":\"BreadcrumbList\",\"@id\":\"https:\\\/\\\/www.masdelarivoire.fr\\\/de\\\/gastezimmer-menthe\\\/#breadcrumb\",\"itemListElement\":[{\"@type\":\"ListItem\",\"position\":1,\"name\":\"Accueil\",\"item\":\"https:\\\/\\\/www.masdelarivoire.fr\\\/de\\\/\"},{\"@type\":\"ListItem\",\"position\":2,\"name\":\"G\u00e4stezimmer \u00ab\u00a0La Menthe\u00a0\u00bb\"}]},{\"@type\":\"WebSite\",\"@id\":\"https:\\\/\\\/www.masdelarivoire.fr\\\/#website\",\"url\":\"https:\\\/\\\/www.masdelarivoire.fr\\\/\",\"name\":\"Mas de la Rivoire\",\"description\":\"G\u00eetes et Chambres d&#039;H\u00f4tes \u00e0 proximit\u00e9 de Sommi\u00e8res - Gard - Sud de la France\",\"potentialAction\":[{\"@type\":\"SearchAction\",\"target\":{\"@type\":\"EntryPoint\",\"urlTemplate\":\"https:\\\/\\\/www.masdelarivoire.fr\\\/?s={search_term_string}\"},\"query-input\":{\"@type\":\"PropertyValueSpecification\",\"valueRequired\":true,\"valueName\":\"search_term_string\"}}],\"inLanguage\":\"de\"}]}<\/script>\n<!-- \/ Yoast SEO plugin. -->","yoast_head_json":{"title":"G\u00e4stezimmer \"La Menthe\" - Mas de la Rivoire","robots":{"index":"index","follow":"follow","max-snippet":"max-snippet:-1","max-image-preview":"max-image-preview:large","max-video-preview":"max-video-preview:-1"},"canonical":"https:\/\/www.masdelarivoire.fr\/de\/gastezimmer-menthe\/","og_locale":"de_DE","og_type":"article","og_title":"G\u00e4stezimmer \"La Menthe\" - Mas de la Rivoire","og_description":"La Menthe Dieses pr\u00e4chtige Zimmer mit seinen Steinw\u00e4nden und freiliegenden Balken ist nach S\u00fcdwesten ausgerichtet und dank seiner gro\u00dfen, historischen Fenster lichtdurchflutet. Auf 31 m\u00b2 bietet es einen herrlichen Blick ins Gr\u00fcne und verf\u00fcgt \u00fcber ein gro\u00dfes Doppelbett, ein ger\u00e4umiges Duschbad mit WC, eine K\u00fcchenzeile mit Sp\u00fcle, Zweiflammenkocher, Wasserkocher, Nespresso-Maschine, kleinem K\u00fchlschrank und kleinem Geschirrsp\u00fcler. [&hellip;]","og_url":"https:\/\/www.masdelarivoire.fr\/de\/gastezimmer-menthe\/","og_site_name":"Mas de la Rivoire","article_modified_time":"2026-04-15T09:16:42+00:00","og_image":[{"url":"https:\/\/www.masdelarivoire.fr\/wp-content\/uploads\/2016\/02\/img_icone_chambre_hote_contenu.png","type":"","width":"","height":""}],"twitter_card":"summary_large_image","twitter_misc":{"Gesch\u00e4tzte Lesezeit":"4\u00a0Minuten"},"schema":{"@context":"https:\/\/schema.org","@graph":[{"@type":"WebPage","@id":"https:\/\/www.masdelarivoire.fr\/de\/gastezimmer-menthe\/","url":"https:\/\/www.masdelarivoire.fr\/de\/gastezimmer-menthe\/","name":"G\u00e4stezimmer \"La Menthe\" - Mas de la Rivoire","isPartOf":{"@id":"https:\/\/www.masdelarivoire.fr\/#website"},"primaryImageOfPage":{"@id":"https:\/\/www.masdelarivoire.fr\/de\/gastezimmer-menthe\/#primaryimage"},"image":{"@id":"https:\/\/www.masdelarivoire.fr\/de\/gastezimmer-menthe\/#primaryimage"},"thumbnailUrl":"https:\/\/www.masdelarivoire.fr\/wp-content\/uploads\/2016\/02\/img_icone_chambre_hote_contenu.png","datePublished":"2016-12-20T15:43:36+00:00","dateModified":"2026-04-15T09:16:42+00:00","breadcrumb":{"@id":"https:\/\/www.masdelarivoire.fr\/de\/gastezimmer-menthe\/#breadcrumb"},"inLanguage":"de","potentialAction":[{"@type":"ReadAction","target":["https:\/\/www.masdelarivoire.fr\/de\/gastezimmer-menthe\/"]}]},{"@type":"ImageObject","inLanguage":"de","@id":"https:\/\/www.masdelarivoire.fr\/de\/gastezimmer-menthe\/#primaryimage","url":"https:\/\/www.masdelarivoire.fr\/wp-content\/uploads\/2016\/02\/img_icone_chambre_hote_contenu.png","contentUrl":"https:\/\/www.masdelarivoire.fr\/wp-content\/uploads\/2016\/02\/img_icone_chambre_hote_contenu.png"},{"@type":"BreadcrumbList","@id":"https:\/\/www.masdelarivoire.fr\/de\/gastezimmer-menthe\/#breadcrumb","itemListElement":[{"@type":"ListItem","position":1,"name":"Accueil","item":"https:\/\/www.masdelarivoire.fr\/de\/"},{"@type":"ListItem","position":2,"name":"G\u00e4stezimmer \u00ab\u00a0La Menthe\u00a0\u00bb"}]},{"@type":"WebSite","@id":"https:\/\/www.masdelarivoire.fr\/#website","url":"https:\/\/www.masdelarivoire.fr\/","name":"Mas de la Rivoire","description":"G\u00eetes et Chambres d&#039;H\u00f4tes \u00e0 proximit\u00e9 de Sommi\u00e8res - Gard - Sud de la France","potentialAction":[{"@type":"SearchAction","target":{"@type":"EntryPoint","urlTemplate":"https:\/\/www.masdelarivoire.fr\/?s={search_term_string}"},"query-input":{"@type":"PropertyValueSpecification","valueRequired":true,"valueName":"search_term_string"}}],"inLanguage":"de"}]}},"_links":{"self":[{"href":"https:\/\/www.masdelarivoire.fr\/de\/wp-json\/wp\/v2\/pages\/1161","targetHints":{"allow":["GET"]}}],"collection":[{"href":"https:\/\/www.masdelarivoire.fr\/de\/wp-json\/wp\/v2\/pages"}],"about":[{"href":"https:\/\/www.masdelarivoire.fr\/de\/wp-json\/wp\/v2\/types\/page"}],"author":[{"embeddable":true,"href":"https:\/\/www.masdelarivoire.fr\/de\/wp-json\/wp\/v2\/users\/1"}],"replies":[{"embeddable":true,"href":"https:\/\/www.masdelarivoire.fr\/de\/wp-json\/wp\/v2\/comments?post=1161"}],"version-history":[{"count":7,"href":"https:\/\/www.masdelarivoire.fr\/de\/wp-json\/wp\/v2\/pages\/1161\/revisions"}],"predecessor-version":[{"id":4049,"href":"https:\/\/www.masdelarivoire.fr\/de\/wp-json\/wp\/v2\/pages\/1161\/revisions\/4049"}],"wp:attachment":[{"href":"https:\/\/www.masdelarivoire.fr\/de\/wp-json\/wp\/v2\/media?parent=1161"}],"curies":[{"name":"wp","href":"https:\/\/api.w.org\/{rel}","templated":true}]}}